{"id":26477,"date":"2021-11-12T15:58:19","date_gmt":"2021-11-12T15:58:19","guid":{"rendered":"https:\/\/evotek.md\/?post_type=product&#038;p=26477"},"modified":"2021-11-12T15:58:19","modified_gmt":"2021-11-12T15:58:19","slug":"plita-pe-gaz-cu-6-arzatoare-pg-6","status":"publish","type":"product","link":"https:\/\/evotek.md\/ro\/produse\/echipamente-termice\/plite-de-gaz\/plita-pe-gaz-cu-6-arzatoare-pg-6\/","title":{"rendered":"PLIT\u0102 PE GAZ CU 6 ARZ\u0102TOARE -PG-6"},"content":{"rendered":"<p><strong>PLIT\u0102 PE GAZ CU 6 ARZ\u0102TOARE -PG-6- <\/strong>Plit\u0103 profesional\u0103 cu 6 arzatoare pentru buc\u0103t\u0103ria industrial\u0103 a unei cafenele, restaurant, osp\u0103t\u0103rie, punct de v\u00e2nzare. Plita dispune de arz\u0103toare micro-perforate de gaz profesionale pentru eficien\u021b\u0103 crescut\u0103 \u0219i \u00eenc\u0103lzire rapid\u0103. Arz\u0103toarele din font\u0103 masiv\u0103 pot fi utilizate pentru vasele cu volum mare. Plita este echipat\u0103 cu control de gaz \u0219i cu m\u00e2nere ergonomice confortabile.<\/p>\n<p>Caracteristici<br \/>\nPutere: 39 kW<br \/>\nPuterea unui arz\u0103tor: 6,5 kW<br \/>\nNum\u0103r arz\u0103toare: 6 buc<br \/>\nDimensiunea unui arz\u0103tor: 335\u00d7335 mm<br \/>\nDimensiuni totale (l\/l\/\u00ee): 1250x870x890 mm<br \/>\nGreutate: 83 kg<\/p>\n","protected":false},"excerpt":{"rendered":"<p>Plit\u0103 pe gaz cu 6 arz\u0103toare. Putere: 39 kW; Puterea unui arz\u0103tor: 6,5 kW; Num\u0103r arz\u0103toare: 6 buc; Dimensiunea unui arz\u0103tor: 335\u00d7335 mm; Dimensiuni totale (l\/l\/\u00ee): 1250x870x890 mm; Greutate: 83 kg.<\/p>\n","protected":false},"featured_media":26476,"template":"","meta":[],"_links":{"self":[{"href":"https:\/\/evotek.md\/ro\/wp-json\/wp\/v2\/product\/26477"}],"collection":[{"href":"https:\/\/evotek.md\/ro\/wp-json\/wp\/v2\/product"}],"about":[{"href":"https:\/\/evotek.md\/ro\/wp-json\/wp\/v2\/types\/product"}],"wp:featuredmedia":[{"embeddable":true,"href":"https:\/\/evotek.md\/ro\/wp-json\/wp\/v2\/media\/26476"}],"wp:attachment":[{"href":"https:\/\/evotek.md\/ro\/wp-json\/wp\/v2\/media?parent=26477"}],"curies":[{"name":"wp","href":"https:\/\/api.w.org\/{rel}","templated":true}]}}