{"id":26451,"date":"2021-11-12T12:15:13","date_gmt":"2021-11-12T12:15:13","guid":{"rendered":"https:\/\/evotek.md\/?post_type=product&#038;p=26451"},"modified":"2021-11-12T13:49:33","modified_gmt":"2021-11-12T13:49:33","slug":"plita-pe-gaz-cu-6-arzatoare","status":"publish","type":"product","link":"https:\/\/evotek.md\/ro\/produse\/echipamente-termice\/plite-de-gaz\/plita-pe-gaz-cu-6-arzatoare\/","title":{"rendered":"PLIT\u0102 PE GAZ CU 6 ARZ\u0102TOARE \u0218I CUPTOR\u00a0-PGD-6\u00a0"},"content":{"rendered":"<p><strong>PLIT\u0102 PE GAZ CU 6 ARZ\u0102TOARE \u0218I CUPTOR<\/strong>\u00a0<strong>-PGD<\/strong><strong>-6-<\/strong> Plit\u0103 profesional\u0103 cu 6 arz\u0103toare pentru buc\u0103t\u0103ria industrial\u0103 a unei cafenele, restaurant, osp\u0103t\u0103rie, punct de v\u00e2nzare. Plita dispune de arz\u0103toare micro-perforate de gaz profesionale pentru eficien\u021b\u0103 crescut\u0103 \u0219i \u00eenc\u0103lzire rapid\u0103. Arz\u0103toarele din font\u0103 masiv\u0103 pot fi utilizate pentru vasele cu volum mare. Plita este echipat\u0103 cu control de gaz \u0219i cu m\u00e2nere ergonomice confortabile.<\/p>\n<p>Caracteristici<br \/>\nPutere: 51 kW<br \/>\nGaz: Natural<br \/>\nPuterea unui arz\u0103tor: 6,5 kW<br \/>\nNum\u0103rul de arz\u0103toare: 6 buc.<br \/>\nDimensiuni ale unui arz\u0103tor: 335&#215;335 mm<br \/>\nDimensiunile interne ale cuptorului: 590x510x250 mm<br \/>\nNum\u0103rul de tave: 2 buc\u0103\u021bi.<br \/>\nDimensiunile tavelor: 530x490x40 mm sau GN 1\/1<br \/>\nDimensiuni generale (l\/l\/\u00ee) 1250x870x890 mm<br \/>\nGreutate: 143 kg<\/p>\n","protected":false},"excerpt":{"rendered":"<p>Plit\u0103 pe gaz cu 6 arz\u0103toare \u0219i cuptor. Putere: 51 kW; Gaz: Natural; Puterea unui arz\u0103tor: 6,5 kW; Num\u0103rul de arz\u0103toare: 6 buc.; Dimensiuni ale unui arz\u0103tor: 335&#215;335 mm; Dimensiunile interne ale cuptorului: 590x510x250 mm; Num\u0103rul de tave: 2 buc\u0103\u021bi.; Dimensiunile tavelor: 530x490x40 mm sau GN 1\/1; Dimensiuni generale (l\/l\/\u00ee) 1250x870x890 mm; Greutate: 143 kg.<\/p>\n","protected":false},"featured_media":26450,"template":"","meta":[],"_links":{"self":[{"href":"https:\/\/evotek.md\/ro\/wp-json\/wp\/v2\/product\/26451"}],"collection":[{"href":"https:\/\/evotek.md\/ro\/wp-json\/wp\/v2\/product"}],"about":[{"href":"https:\/\/evotek.md\/ro\/wp-json\/wp\/v2\/types\/product"}],"wp:featuredmedia":[{"embeddable":true,"href":"https:\/\/evotek.md\/ro\/wp-json\/wp\/v2\/media\/26450"}],"wp:attachment":[{"href":"https:\/\/evotek.md\/ro\/wp-json\/wp\/v2\/media?parent=26451"}],"curies":[{"name":"wp","href":"https:\/\/api.w.org\/{rel}","templated":true}]}}