{"id":26409,"date":"2021-11-11T13:05:23","date_gmt":"2021-11-11T13:05:23","guid":{"rendered":"https:\/\/evotek.md\/?post_type=product&#038;p=26409"},"modified":"2021-11-19T08:26:29","modified_gmt":"2021-11-19T08:26:29","slug":"plita-combinata-2-arzatore-pik-1i-1ich-5","status":"publish","type":"product","link":"https:\/\/evotek.md\/ro\/produse\/echipamente-termice\/plite-combinate\/plita-combinata-2-arzatore-pik-1i-1ich-5\/","title":{"rendered":"PLIT\u0102 COMBINAT\u0102 2 ARZ\u0102TORE -PIK-1I-1ICH-5"},"content":{"rendered":"<p><strong>PLIT\u0102 COMBINAT\u0102 2 ARZ\u0102TORE -PIK-1I-1ICH-5<\/strong>&#8211; Plita combinat\u0103 include avantajele arz\u0103toarelor cu induc\u021bie \u0219i infrarosu.<br \/>\n*Arz\u0103toarele cu induc\u021bie sunt amplasate \u00een st\u00e2nga, arz\u0103toarele cu infraro\u0219u \u00een dreapta.<br \/>\nPlita asigur\u0103 economii semnificative de energie, \u00eenc\u0103lzirea rapid\u0103 a vaselor f\u0103r\u0103 pierderi de c\u0103ldur\u0103. Se pot folosi orice tip de vase. Timp de g\u0103tit mai scurt. U\u0219or de igienizat. Carcas\u0103 din o\u021bel inoxidabil. Butonul se rote\u0219te f\u0103r\u0103 restric\u021bii, ceea ce prelunge\u0219te semnificativ durata de via\u021b\u0103. Ceramica din sticl\u0103 este rezistent\u0103 la temperaturi ridicate \u0219i la deterior\u0103ri mecanice.<\/p>\n<p>Caracteristici<br \/>\nTensiune: 380 V<br \/>\nPutere: 5 kW<br \/>\nNum\u0103r arz\u0103toare: 2 buc.<br \/>\nDimensiuni totale (l\/l\/\u00ee): 750x520x850 mm<br \/>\nGreutate: 25 KG<\/p>\n<p>Caracteristicile <em><strong>arz\u0103toarelor cu induc\u021bie<\/strong><\/em><br \/>\nPuterea unui arz\u0103tor: 2,5 kW<br \/>\nNum\u0103rul nivelelor de reglare a puterii: 16<br \/>\nTemporizator, timp\/interval maxim: 180\/1 min.<br \/>\nTemperatura de \u00eenc\u0103lzire: p\u00e2n\u0103 la 240 \u00b0C<br \/>\nNum\u0103r de arz\u0103toare: 1 buc.<br \/>\nDimensiuni arz\u0103tor: 300&#215;300 mm<\/p>\n<p>Caracteristicile <em><strong>arz\u0103toarelor cu infraro\u0219u<\/strong><\/em><br \/>\nPuterea unui arz\u0103tor: 2,5 kW<br \/>\nNum\u0103rul nivelelor de reglare a puterii: 16<br \/>\nTemporizator, timp\/interval maxim: 240\/1 min.<br \/>\nTemperatura de \u00eenc\u0103lzire: p\u00e2n\u0103 la 600 \u00b0C<br \/>\nNum\u0103r de arz\u0103toare: 1 buc.<br \/>\nDimensiuni arz\u0103tor: 300&#215;300 mm<\/p>\n","protected":false},"excerpt":{"rendered":"<p>Plit\u0103 combinat\u0103 (arz\u0103toare cu induc\u021bie \u0219i infraro\u0219u). Tensiune: 380 V; Putere: 5 kW; Num\u0103r arz\u0103toare: 2 buc.; Dimensiuni totale (l\/l\/\u00ee): 750x520x850 mm; Greutate: 25 KG.<\/p>\n","protected":false},"featured_media":26402,"template":"","meta":[],"_links":{"self":[{"href":"https:\/\/evotek.md\/ro\/wp-json\/wp\/v2\/product\/26409"}],"collection":[{"href":"https:\/\/evotek.md\/ro\/wp-json\/wp\/v2\/product"}],"about":[{"href":"https:\/\/evotek.md\/ro\/wp-json\/wp\/v2\/types\/product"}],"wp:featuredmedia":[{"embeddable":true,"href":"https:\/\/evotek.md\/ro\/wp-json\/wp\/v2\/media\/26402"}],"wp:attachment":[{"href":"https:\/\/evotek.md\/ro\/wp-json\/wp\/v2\/media?parent=26409"}],"curies":[{"name":"wp","href":"https:\/\/api.w.org\/{rel}","templated":true}]}}