{"id":26396,"date":"2021-11-11T11:46:05","date_gmt":"2021-11-11T11:51:14","guid":{"rendered":"https:\/\/evotek.md\/?post_type=product&#038;p=26396"},"modified":"2022-04-27T14:08:11","modified_gmt":"2022-04-27T14:08:11","slug":"plita-electrica-si-cuptor-ped-6b","status":"publish","type":"product","link":"https:\/\/evotek.md\/ro\/produse\/echipamente-termice\/plite-electrice\/plita-electrica-si-cuptor-ped-6b\/","title":{"rendered":"PLIT\u0102 ELECTRIC\u0102 CU 6 ARZ\u0102TOARE \u0218I CUPTOR -PED-6B"},"content":{"rendered":"<p><strong>PLIT\u0102 ELECTRIC\u0102 CU 6 ARZ\u0102TOARE \u0218I CUPTOR -PED-6B-<\/strong> Plit\u0103 electric\u0103 cu 6 arz\u0103toare \u0219i cuptor este destinat\u0103 prepar\u0103rii bucatelor de felul \u00eent\u00e2i, doi \u0219i trei la uni\u0103\u021btile de alimenta\u021bie public\u0103: cantin\u0103, cafenea, restaurant. Arzatoarele sunt din fonta, ceea ce asigura o distributie uniforma a temperaturii. Plita este completata cu doua tavi metalice carbon. Designul cuptorului asigur\u0103 o distribu\u021bie uniform\u0103 a temperaturii, ceea ce garanteaz\u0103 o coacere uniform\u0103. Dimensiunea m\u0103rit\u0103 a cuptorului. Reglarea separat\u0103 a elementelor de \u00eenc\u0103lzire superioare \u0219i inferioare ale cuptorului. Elementele de \u00eenc\u0103lzire din o\u021bel inoxidabil le prelungesc semnificativ durata de via\u021b\u0103. Cuptorul asigur\u0103 reglarea separat\u0103 a elementelor de \u00eenc\u0103lzire superioare \u0219i inferioare. Cuptorul este echipat cu doua tavi din carbon metalic..<\/p>\n<p>Caracteristici<br \/>\nTip de instalare: pe podea<br \/>\nMaterial carcasa: cadru arzator si fatada &#8211; otel inoxidabil, pereti laterali &#8211; zincati<br \/>\nNumar de arzatoare: 6<br \/>\nDimensiune arzator: 415&#215;294 mm<br \/>\nPrezen\u021ba unui cuptor: da<br \/>\nDimensiunea tavii: 530x490x40 sau GN 1\/1<br \/>\nTemperatura cuptorului: +50 &#8211; +300 C<br \/>\nNumar de nivele cuptor: 3<br \/>\nPuterea arzatorului: 3 kW<br \/>\nPutere cuptor: 3,8 kW<br \/>\nPutere: 21,8 kW<br \/>\nTensiune: 380V<br \/>\nDimensiuni: 1350x700x850 mm<br \/>\nGreutate: 195 kg<\/p>\n","protected":false},"excerpt":{"rendered":"<p>Plit\u0103 electric\u0103 cu 6 arz\u0103toare \u0219i cuptor. Tip de instalare: pe podea; Material carcasa: cadru arzator si fatada &#8211; otel inoxidabil, pereti laterali &#8211; zincati; Numar de arzatoare: 6; Dimensiune arzator: 415&#215;294 mm; Prezen\u021ba unui cuptor: da; Dimensiunea tavii: 530x490x40 sau GN 1\/1; Temperatura cuptorului: +50 &#8211; +300 C; Numar de nivele cuptor: 3; Puterea arzatorului: 3 kW; Putere cuptor: 3,8 kW; Putere: 21,8 kW; Tensiune: 380V; Dimensiuni: 1350x700x850 mm; Greutate: 195 kg.<\/p>\n","protected":false},"featured_media":26400,"template":"","meta":[],"_links":{"self":[{"href":"https:\/\/evotek.md\/ro\/wp-json\/wp\/v2\/product\/26396"}],"collection":[{"href":"https:\/\/evotek.md\/ro\/wp-json\/wp\/v2\/product"}],"about":[{"href":"https:\/\/evotek.md\/ro\/wp-json\/wp\/v2\/types\/product"}],"wp:featuredmedia":[{"embeddable":true,"href":"https:\/\/evotek.md\/ro\/wp-json\/wp\/v2\/media\/26400"}],"wp:attachment":[{"href":"https:\/\/evotek.md\/ro\/wp-json\/wp\/v2\/media?parent=26396"}],"curies":[{"name":"wp","href":"https:\/\/api.w.org\/{rel}","templated":true}]}}