{"id":26391,"date":"2021-11-11T11:32:22","date_gmt":"2021-11-11T11:32:22","guid":{"rendered":"https:\/\/evotek.md\/?post_type=product&#038;p=26391"},"modified":"2021-11-19T11:36:57","modified_gmt":"2021-11-19T11:36:57","slug":"plita-electrica-ped-4b","status":"publish","type":"product","link":"https:\/\/evotek.md\/ro\/produse\/echipamente-termice\/plite-electrice\/plita-electrica-ped-4b\/","title":{"rendered":"PLIT\u0102 ELECTRIC\u0102 CU 4 ARZ\u0102TOARE \u0218I CUPTOR -PED-4B"},"content":{"rendered":"<div><strong>PLIT\u0102 ELECTRIC\u0102 CU 4 ARZ\u0102TOARE \u0218I CUPTOR -PED-4B-<\/strong> Plit\u0103 electric\u0103 cu 4 arz\u0103toare \u0219i cuptor este destinat\u0103 prepar\u0103rii bucatelor de felul \u00eent\u00e2i, doi \u0219i trei la uni\u0103\u021btile de alimenta\u021bie public\u0103: cantin\u0103, cafenea, restaurant. Arzatoarele sunt din fonta, ceea ce asigura o distributie uniforma a temperaturii. Plita este completata cu doua tavi metalice carbon. Designul cuptorului asigur\u0103 o distribu\u021bie uniform\u0103 a temperaturii, ceea ce garanteaz\u0103 o coacere uniform\u0103. Dimensiunea m\u0103rit\u0103 a cuptorului. Reglarea separat\u0103 a elementelor de \u00eenc\u0103lzire superioare \u0219i inferioare ale cuptorului. Elementele de \u00eenc\u0103lzire din o\u021bel inoxidabil le prelungesc semnificativ durata de via\u021b\u0103. Cuptorul asigur\u0103 reglarea separat\u0103 a elementelor de \u00eenc\u0103lzire superioare \u0219i inferioare. Cuptorul este echipat cu doua tavi din carbon metalic..<\/div>\n<div><\/div>\n<div>Caracteristici<\/div>\n<div>Tensiune: 380 V<\/div>\n<div>Putere: 15,6 kW<\/div>\n<div>Numar arzatoare: 4 buc.<\/div>\n<div>Dimensiunile unui arzator: 415&#215;295 mm<\/div>\n<div>Puterea arzatorului: 3 kW<\/div>\n<div>Numar tavi: 1 buc.<\/div>\n<div>Dimensiuni tava: 527\u0445325 (GN 1\/1) mm<\/div>\n<div>Interval de control al temperaturii: + 50 &#8230; + 300 \u00b0 \u0421<\/div>\n<div>Dimensiuni interioare cuptor (l\/l\/\u00ee): 434x565x338 mm<\/div>\n<div>Dimensiuni totale (l\/l\/\u00ee): 930\u0445700\u0445850 mm<\/div>\n<div>Greutate: 138 kg<\/div>\n","protected":false},"excerpt":{"rendered":"<div>Plit\u0103 electric\u0103 cu 4 arz\u0103toare \u0219i cuptor. Tensiune: 380 V; Putere: 15,6 kW; Numar arzatoare: 4 buc.; Dimensiunile unui arzator: 415&#215;295 mm; Puterea arzatorului: 3 kW; Numar tavi: 1 buc.; Dimensiuni tava: 527\u0445325 (GN 1\/1) mm; Interval de control al temperaturii: + 50 &#8230; + 300 \u00b0 \u0421; Dimensiuni interioare cuptor (l\/l\/\u00ee): 434x565x338 mm; Dimensiuni totale (l\/l\/\u00ee): 930\u0445700\u0445850 mm; Greutate: 138 kg.<\/div>\n","protected":false},"featured_media":26388,"template":"","meta":[],"_links":{"self":[{"href":"https:\/\/evotek.md\/ro\/wp-json\/wp\/v2\/product\/26391"}],"collection":[{"href":"https:\/\/evotek.md\/ro\/wp-json\/wp\/v2\/product"}],"about":[{"href":"https:\/\/evotek.md\/ro\/wp-json\/wp\/v2\/types\/product"}],"wp:featuredmedia":[{"embeddable":true,"href":"https:\/\/evotek.md\/ro\/wp-json\/wp\/v2\/media\/26388"}],"wp:attachment":[{"href":"https:\/\/evotek.md\/ro\/wp-json\/wp\/v2\/media?parent=26391"}],"curies":[{"name":"wp","href":"https:\/\/api.w.org\/{rel}","templated":true}]}}