{"id":26384,"date":"2021-11-11T09:58:48","date_gmt":"2021-11-11T09:58:48","guid":{"rendered":"https:\/\/evotek.md\/?post_type=product&#038;p=26384"},"modified":"2021-11-19T11:25:48","modified_gmt":"2021-11-19T11:25:48","slug":"plita-de-masa-cu-infrarosu-8-arzatoare-pich-8-2-28","status":"publish","type":"product","link":"https:\/\/evotek.md\/ro\/produse\/echipamente-termice\/plite-cu-infrarosu\/plita-de-masa-cu-infrarosu-8-arzatoare-pich-8-2-28\/","title":{"rendered":"PLIT\u0102 DE MAS\u0102 CU INFRARO\u0218U 8 ARZ\u0102TOARE -PICH-8.2-28"},"content":{"rendered":"<p><strong>PLIT\u0102 DE MAS\u0102 CU INFRARO\u0218U 8 ARZ\u0102TOARE -PICH-8.2-28\u2013<\/strong> Plit\u0103 cu infraro\u0219u profesional\u0103 cu 8 arz\u0103toare pentru cantine, cafenele \u0219i restaurante. Plita cu infraro\u0219u economise\u0219te mult\u0103 energie. Sunt potrivite pentru toate tipurile de vase, \u00eenc\u0103lze\u0219te rapid bucatele. Timp de g\u0103tit mai scurt. U\u0219or de igienizat. Carcas\u0103 din o\u021bel inoxidabil. Ceramica din sticl\u0103 este rezistent\u0103 la temperaturi ridicate \u0219i la deterior\u0103ri mecanice.<\/p>\n<p>Caracteristici<br \/>\nTensiune: 380 V<br \/>\nPutere: 28 kW<br \/>\nPuterea unui arz\u0103tor: 3,5 kW<br \/>\nNum\u0103r arz\u0103toare: 8 buc.<br \/>\nDimensiunile unui arz\u0103tor: 320\u00d7320 mm<br \/>\nDimensiuni totale (l\/l\/\u00ee): 1520x870x210 mm<br \/>\nGreutate: 53 kg<\/p>\n","protected":false},"excerpt":{"rendered":"<p>Tensiune: 380 V; Putere: 28 kW; Puterea unui arz\u0103tor: 3,5 kW; Num\u0103r arz\u0103toare: 8 buc.; Dimensiunile unui arz\u0103tor: 320\u00d7320 mm; Dimensiuni totale (l\/l\/\u00ee): 1520x870x210 mm; Greutate: 53 kg.<\/p>\n","protected":false},"featured_media":26383,"template":"","meta":[],"_links":{"self":[{"href":"https:\/\/evotek.md\/ro\/wp-json\/wp\/v2\/product\/26384"}],"collection":[{"href":"https:\/\/evotek.md\/ro\/wp-json\/wp\/v2\/product"}],"about":[{"href":"https:\/\/evotek.md\/ro\/wp-json\/wp\/v2\/types\/product"}],"wp:featuredmedia":[{"embeddable":true,"href":"https:\/\/evotek.md\/ro\/wp-json\/wp\/v2\/media\/26383"}],"wp:attachment":[{"href":"https:\/\/evotek.md\/ro\/wp-json\/wp\/v2\/media?parent=26384"}],"curies":[{"name":"wp","href":"https:\/\/api.w.org\/{rel}","templated":true}]}}