{"id":26346,"date":"2021-11-10T12:44:57","date_gmt":"2021-11-10T12:48:18","guid":{"rendered":"https:\/\/evotek.md\/?post_type=product&#038;p=26346"},"modified":"2023-03-02T15:02:32","modified_gmt":"2023-03-02T15:02:32","slug":"vitrina-frigorifa-de-masa-4-gn1-3-hkn-vrx1200-380","status":"publish","type":"product","link":"https:\/\/evotek.md\/ro\/produse\/echipamente-frigorifice\/vitrine-saladete\/vitrina-frigorifa-de-masa-4-gn1-3-hkn-vrx1200-380\/","title":{"rendered":"VITRINA SALADETA, GN1\/3&#215;4, 120 cm -HKN-VRX1200\/380"},"content":{"rendered":"<p><strong>VITRINA SALADETA, GN1\/3&#215;4, 120 cm -HKN-VRX1200\/380-<\/strong> Vitrina frigorific\u0103 de mas\u0103 este utilizat\u0103 pentru demonstra\u021bie, r\u0103cire \u0219i depozitare pe termen scurt a salatelor, ingredientelor pentru pizza etc. Poate fi folosit\u0103 at\u00e2t \u00eempreun\u0103 cu o mas\u0103 de pizza, c\u00e2t \u0219i ca unitate separat\u0103 de echipament frigorific.<\/p>\n<p>Caracteristici<br \/>\nTensiune: 220 V<br \/>\nDimensiuni totale: 1200x395x435 mm<br \/>\nInterval de temperatur\u0103: + 2 &#8230; + 8 C<br \/>\nMaterial carcasa: otel inoxidabil<br \/>\nCapacitate: 4 recipiente gastronomice GN1\/3<br \/>\nR\u0103cire static\u0103<\/p>\n","protected":false},"excerpt":{"rendered":"<p>Vitrin\u0103 frigorific\u0103 de mas\u0103 cu 4 containere GN1\/3 GN. Tensiune: 220 V; Dimensiuni totale: 1200x395x435 mm; Interval de temperatur\u0103: + 2 &#8230; + 8 C; Material carcasa: otel inoxidabil; R\u0103cire static\u0103.<\/p>\n","protected":false},"featured_media":26345,"template":"","meta":[],"_links":{"self":[{"href":"https:\/\/evotek.md\/ro\/wp-json\/wp\/v2\/product\/26346"}],"collection":[{"href":"https:\/\/evotek.md\/ro\/wp-json\/wp\/v2\/product"}],"about":[{"href":"https:\/\/evotek.md\/ro\/wp-json\/wp\/v2\/types\/product"}],"wp:featuredmedia":[{"embeddable":true,"href":"https:\/\/evotek.md\/ro\/wp-json\/wp\/v2\/media\/26345"}],"wp:attachment":[{"href":"https:\/\/evotek.md\/ro\/wp-json\/wp\/v2\/media?parent=26346"}],"curies":[{"name":"wp","href":"https:\/\/api.w.org\/{rel}","templated":true}]}}