{"id":26342,"date":"2021-11-10T12:33:45","date_gmt":"2021-11-10T12:37:18","guid":{"rendered":"https:\/\/evotek.md\/?post_type=product&#038;p=26342"},"modified":"2023-03-02T15:07:08","modified_gmt":"2023-03-02T15:07:08","slug":"vitrina-frigorifa-de-masa-5-gn1-4-hkn-vrx1200-330","status":"publish","type":"product","link":"https:\/\/evotek.md\/ro\/produse\/echipamente-frigorifice\/vitrine-saladete\/vitrina-frigorifa-de-masa-5-gn1-4-hkn-vrx1200-330\/","title":{"rendered":"VITRINA SALADETA, GN1\/4&#215;5, 120 cm -HKN-VRX1200\/330"},"content":{"rendered":"<p><strong>VITRINA SALADETA, GN1\/4&#215;5, 120 cm -HKN-VRX1200\/330-<\/strong> Vitrina frigorific\u0103 de mas\u0103 este utilizat\u0103 pentru demonstra\u021bie, r\u0103cire \u0219i depozitare pe termen scurt a salatelor, ingredientelor pentru pizza etc. Poate fi folosit\u0103 at\u00e2t \u00eempreun\u0103 cu o mas\u0103 de pizza, c\u00e2t \u0219i ca unitate separat\u0103 de echipament frigorific.<\/p>\n<p>Caracteristici<br \/>\nTensiune: 220 V<br \/>\nDimensiuni totale: 1200x335x435 mm<br \/>\nInterval de temperatur\u0103: + 2 &#8230; + 8 C<br \/>\nMaterial carcas\u0103: o\u021bel inoxidabil<br \/>\nCapacitate: 5 containere GN1\/4 GN<br \/>\nR\u0103cire static\u0103<\/p>\n","protected":false},"excerpt":{"rendered":"<p>Vitrin\u0103 frigorific\u0103 de mas\u0103 cu 5 containere GN1\/4 GN. Tensiune: 220 V; Dimensiuni totale: 1200x335x435 mm; Interval de temperatur\u0103: + 2 &#8230; + 8 C; Material carcas\u0103: o\u021bel inoxidabil; R\u0103cire static\u0103.<\/p>\n","protected":false},"featured_media":26341,"template":"","meta":[],"_links":{"self":[{"href":"https:\/\/evotek.md\/ro\/wp-json\/wp\/v2\/product\/26342"}],"collection":[{"href":"https:\/\/evotek.md\/ro\/wp-json\/wp\/v2\/product"}],"about":[{"href":"https:\/\/evotek.md\/ro\/wp-json\/wp\/v2\/types\/product"}],"wp:featuredmedia":[{"embeddable":true,"href":"https:\/\/evotek.md\/ro\/wp-json\/wp\/v2\/media\/26341"}],"wp:attachment":[{"href":"https:\/\/evotek.md\/ro\/wp-json\/wp\/v2\/media?parent=26342"}],"curies":[{"name":"wp","href":"https:\/\/api.w.org\/{rel}","templated":true}]}}