{"id":26293,"date":"2021-11-09T11:47:03","date_gmt":"2021-11-09T11:47:03","guid":{"rendered":"https:\/\/evotek.md\/?post_type=product&#038;p=26293"},"modified":"2021-11-09T12:21:06","modified_gmt":"2021-11-09T12:21:06","slug":"plita-cu-infrarosu-cu-6-arzatoare","status":"publish","type":"product","link":"https:\/\/evotek.md\/ro\/produse\/echipamente-termice\/plite-cu-infrarosu\/plita-cu-infrarosu-cu-6-arzatoare\/","title":{"rendered":"PLIT\u0102 CU INFRARO\u0218U CU 6 ARZ\u0102TOARE CU CUPTOR -PICHD-6.2-21"},"content":{"rendered":"<p><strong>PLIT\u0102 CU INFRARO\u0218U CU 6 ARZ\u0102TOARE CU CUPTOR -PICHD-6.2-21-<\/strong> Plit\u0103 profesional\u0103 cu infraro\u0219u cu 6 arz\u0103toare \u0219i cuptor, pentru cantine, cafenele \u0219i restaurante. Plita electric\u0103 cu arz\u0103toare cu infraro\u0219u \u0219i un cuptor electric nu trebuie \u00eenc\u0103lzit\u0103 \u00eenainte de utilizare, plita poate func\u021biona cu orice tip de vesel\u0103, \u00eenc\u0103lzirea are loc instantaneu \u0219i strict \u00een sus (\u00eenc\u0103lze\u0219te doar fundul vaselor) f\u0103r\u0103 pierderi de c\u0103ldur\u0103 \u00een lateral. Plita profesional\u0103 are incorporat\u0103 un releu de protectie impotriva caderii de tensiune pentru fiecare faz\u0103, ceea ce permite asigurarea func\u021bion\u0103rii stabile a arz\u0103toarelor cu fluctua\u021bii semnificative de tensiune. Cuptor electric cu control separat al \u00eenc\u0103lzirii sus\/jos.<\/p>\n<p>Caracteristici<br \/>\nTensiune: 380 V<br \/>\nPutere: 25,8 kW<br \/>\nInterval de control al temperaturii cuptorului: + 50 \u2026 + 300 \u2103<br \/>\nPuterea unui arz\u0103tor: 3,5 kW<br \/>\nDimensiuni tav\u0103: 654\u0445490 mm<br \/>\nNum\u0103r de nivele: 3 buc.<br \/>\nPutere cuptor: 4,8 kW<br \/>\nNum\u0103r de arz\u0103toare: 6 buc.<br \/>\nDimensiuni arz\u0103tor: 320\u00d7320 mm<br \/>\nDimensiuni totale (l\/l\/\u00ee): 1150x870x850 mm<br \/>\nGreutate: 123 kg<\/p>\n","protected":false},"excerpt":{"rendered":"<p>Tensiune: 380 V; Putere: 25,8 kW; Interval de control al temperaturii cuptorului: + 50 \u2026 + 300 \u2103; Puterea unui arz\u0103tor: 3,5 kW; Dimensiuni tav\u0103: 654\u0445490 mm; Num\u0103r de nivele: 3 buc.; Putere cuptor: 4,8 kW; Num\u0103r de arz\u0103toare: 6 buc.; Dimensiuni arz\u0103tor: 320\u00d7320 mm; Dimensiuni totale (l\/l\/\u00ee): 1150x870x850 mm; Greutate: 123 kg.<\/p>\n","protected":false},"featured_media":26290,"template":"","meta":[],"_links":{"self":[{"href":"https:\/\/evotek.md\/ro\/wp-json\/wp\/v2\/product\/26293"}],"collection":[{"href":"https:\/\/evotek.md\/ro\/wp-json\/wp\/v2\/product"}],"about":[{"href":"https:\/\/evotek.md\/ro\/wp-json\/wp\/v2\/types\/product"}],"wp:featuredmedia":[{"embeddable":true,"href":"https:\/\/evotek.md\/ro\/wp-json\/wp\/v2\/media\/26290"}],"wp:attachment":[{"href":"https:\/\/evotek.md\/ro\/wp-json\/wp\/v2\/media?parent=26293"}],"curies":[{"name":"wp","href":"https:\/\/api.w.org\/{rel}","templated":true}]}}