{"id":26258,"date":"2021-11-08T11:36:57","date_gmt":"2021-11-08T11:49:14","guid":{"rendered":"https:\/\/evotek.md\/?post_type=product&#038;p=26258"},"modified":"2022-12-13T08:43:58","modified_gmt":"2022-12-13T08:43:58","slug":"dospitor-retigo-dp-16-m","status":"publish","type":"product","link":"https:\/\/evotek.md\/ro\/produse\/echipamente-termice\/dospitor\/dospitor-retigo-dp-16-m\/","title":{"rendered":"DOSPITOR DELI PROFER RETIGO (OB06-0002) DP 16-M"},"content":{"rendered":"<div><strong>DOSPITOR DELI PROFER RETIGO (OB06-0002) DP 16-M-<\/strong> Dospitorul se folose\u0219te pentru dospirea buc\u0103\u021bilor de aluat a semifabricatelor congelate rapid din aluat cu drojdie (croissante, covrigi, corni\u0219oare, chifle \u0219i diferite produse de patiserie) \u00eenainte de coacere la temperaturi ridicate \u0219i umiditate ridicat\u0103. Echipamentul este utilizat \u00een brut\u0103riile de dimensiuni reduse, precum \u0219i \u00een unit\u0103\u021bile de catering, cofet\u0103rii restaurante \u0219i cantine, unde se asigur\u0103 produc\u021bia de produse de panifica\u021bie \u0219i cofet\u0103rie. Dospitorul DeliProofer cu comenzi \u00eencorporate poate atinge 80 \u00b0C.<\/div>\n<div><\/div>\n<div>Caracteristici<\/div>\n<div>Dimensiuni tava: 60&#215;40 cm<\/div>\n<div>Num\u0103r t\u0103vi: 16 buc<\/div>\n<div>Temperatur\u0103 de func\u021bionare: \u00ba\u0421 .: + 30 \u00b0 C &#8230; + 85 \u00b0C<\/div>\n<div>Distan\u021ba dintre tave: 70 mm<\/div>\n<div>Putere: 1,2 kW<\/div>\n<div>Tensiune: 220V \/ 1FV<\/div>\n<div>Parametri (l\/a\/\u00ee): 825x980x905 mm<\/div>\n<div>Greutate: 90 kg<\/div>\n","protected":false},"excerpt":{"rendered":"<p>Dospitor. Dimensiuni tava: 60&#215;40 cm; Num\u0103r t\u0103vi: 16 buc; Temperatur\u0103 de func\u021bionare: \u00ba\u0421 .: + 30 \u00b0 C &#8230; + 85 \u00b0C; Distan\u021ba dintre tave: 70 mm<br \/>\nPutere: 1,2 kW; Tensiune: 220V \/ 1FV; Parametri (l\/a\/\u00ee): 825x980x905 mm; Greutate: 90 kg.<\/p>\n","protected":false},"featured_media":26257,"template":"","meta":[],"_links":{"self":[{"href":"https:\/\/evotek.md\/ro\/wp-json\/wp\/v2\/product\/26258"}],"collection":[{"href":"https:\/\/evotek.md\/ro\/wp-json\/wp\/v2\/product"}],"about":[{"href":"https:\/\/evotek.md\/ro\/wp-json\/wp\/v2\/types\/product"}],"wp:featuredmedia":[{"embeddable":true,"href":"https:\/\/evotek.md\/ro\/wp-json\/wp\/v2\/media\/26257"}],"wp:attachment":[{"href":"https:\/\/evotek.md\/ro\/wp-json\/wp\/v2\/media?parent=26258"}],"curies":[{"name":"wp","href":"https:\/\/api.w.org\/{rel}","templated":true}]}}