{"id":2625,"date":"2020-02-20T15:11:14","date_gmt":"2020-02-20T15:12:47","guid":{"rendered":"https:\/\/evotek.md\/?post_type=product&#038;p=2625"},"modified":"2023-03-09T13:09:26","modified_gmt":"2023-03-09T13:09:26","slug":"malaxor-hkn-m50sn2v","status":"publish","type":"product","link":"https:\/\/evotek.md\/ro\/produse\/echipamente-electromecanice\/mixer-aluat\/malaxor-hkn-m50sn2v\/","title":{"rendered":"MALAXOR CU BOL FIXAT, 2 VITEZE, 54 LITRI -HKN-M50SN2V"},"content":{"rendered":"<p><strong>MALAXOR CU BOL FIXAT, 2 VITEZE, 54 LITRI -HKN-M50SN2V- <\/strong>\u00a0se folose\u0219te pentru fr\u0103m\u00e2ntarea diferitelor tipuri de aluat. Folosit pe scar\u0103 larg\u0103 \u00een cofet\u0103rii \u0219i brut\u0103rii, pizzerii, restaurante, cantine, cafenele. Carcasa dispozitivului este confec\u021bionat\u0103 din metal vopsit, iar vasul \u0219i duzele sunt din inox. Volumul cuvei este de 54 de litri \u0219i nu poate fi \u00eendep\u0103rtat. Viteza sa de rota\u021bie este de 15\/20 rpm, iar viteza de rota\u021bie a duzei este de 150\/200 rpm. Volumul maxim de aluat \u00een timpul \u00eenc\u0103rc\u0103rii nu trebuie s\u0103 dep\u0103\u0219easc\u0103 20 kg.<\/p>\n<p>Caracteristici:<\/p>\n<p>Brand Hurakan<\/p>\n<p>Dimensiuni: 880x520x1000 mm<\/p>\n<p>Putere: 3 kW<\/p>\n<p>Conexiune: 230 V<\/p>\n<p>Greutate net\u0103: 170 kg<\/p>\n<p>Volumul bolului: 54 l<\/p>\n<p>&nbsp;<\/p>\n","protected":false},"excerpt":{"rendered":"<p>Malaxor cu viteza de rota\u021bie de 15\/20 rota\u021bii pe minut \u0219i o vitez\u0103 de rota\u021bie a duzei de 150\/200 rpm. Dimensiuni: 880x520x1000 mm; Putere: 3 kW; Conexiune: 230 V; Greutate net\u0103: 170 kg; Volumul bolului: 54 l.<\/p>\n","protected":false},"featured_media":2624,"template":"","meta":[],"_links":{"self":[{"href":"https:\/\/evotek.md\/ro\/wp-json\/wp\/v2\/product\/2625"}],"collection":[{"href":"https:\/\/evotek.md\/ro\/wp-json\/wp\/v2\/product"}],"about":[{"href":"https:\/\/evotek.md\/ro\/wp-json\/wp\/v2\/types\/product"}],"wp:featuredmedia":[{"embeddable":true,"href":"https:\/\/evotek.md\/ro\/wp-json\/wp\/v2\/media\/2624"}],"wp:attachment":[{"href":"https:\/\/evotek.md\/ro\/wp-json\/wp\/v2\/media?parent=2625"}],"curies":[{"name":"wp","href":"https:\/\/api.w.org\/{rel}","templated":true}]}}