{"id":26234,"date":"2021-11-05T12:11:41","date_gmt":"2021-11-05T12:11:41","guid":{"rendered":"https:\/\/evotek.md\/?post_type=product&#038;p=26234"},"modified":"2021-11-05T12:12:06","modified_gmt":"2021-11-05T12:12:06","slug":"masa-dulap-cu-sertare-si-raft-stv-3s-1r","status":"publish","type":"product","link":"https:\/\/evotek.md\/ro\/produse\/mobila-din-inox\/mese-dulap-din-inox\/masa-dulap-cu-sertare-si-raft-stv-3s-1r\/","title":{"rendered":"MAS\u0102-DULAP CU SERTARE \u0218I RAFT -STV-3S-1R"},"content":{"rendered":"<div><strong>MAS\u0102-DULAP CU SERTARE \u0218I RAFT -STV-3S-1R-<\/strong> Mesele-dulapuri sunt destinate procesarii alimentelor, precum si pentru depozitarea vaselor, ustensilelor de bucatarie, tacamurilor si alimentelor in forma protejata. Masa de productie cu sertare si raft din otel inoxidabil la cerere. Num\u0103rul \u0219i disponibilitatea rafurilor se realizeaz\u0103 la comand\u0103.<\/div>\n<div><\/div>\n<div>Caracteristici<\/div>\n<div>Blatul, sertare \u0219i carcasa: o\u021bel inoxidabil<\/div>\n<div>Parametri (l \/l\/ \u00ee): 500-700\u00d7500-700\u00d7850 mm<\/div>\n<div>Numar sertare: 3 buc.<\/div>\n<div>Numar raft: 1-2 buc.<\/div>\n","protected":false},"excerpt":{"rendered":"<p>Mas\u0103-dulap din inox cu 3 sertare cu raft. Blatul, sertare \u0219i carcasa: o\u021bel inoxidabil; Parametri (l \/l\/ \u00ee): 500-700\u00d7500-700\u00d7850 mm; Numar sertare: 3 buc.; Numar raft: 1-2 buc.<\/p>\n<div class=\"product-short-description\">\n<p>*Masa-dulap din inox cu dulap poate fi realizat\u0103 dup\u0103 proiectul individual.<\/p>\n<\/div>\n","protected":false},"featured_media":26232,"template":"","meta":[],"_links":{"self":[{"href":"https:\/\/evotek.md\/ro\/wp-json\/wp\/v2\/product\/26234"}],"collection":[{"href":"https:\/\/evotek.md\/ro\/wp-json\/wp\/v2\/product"}],"about":[{"href":"https:\/\/evotek.md\/ro\/wp-json\/wp\/v2\/types\/product"}],"wp:featuredmedia":[{"embeddable":true,"href":"https:\/\/evotek.md\/ro\/wp-json\/wp\/v2\/media\/26232"}],"wp:attachment":[{"href":"https:\/\/evotek.md\/ro\/wp-json\/wp\/v2\/media?parent=26234"}],"curies":[{"name":"wp","href":"https:\/\/api.w.org\/{rel}","templated":true}]}}