{"id":26197,"date":"2021-11-04T11:51:14","date_gmt":"2021-11-04T11:57:01","guid":{"rendered":"https:\/\/evotek.md\/?post_type=product&#038;p=26197"},"modified":"2023-02-02T15:09:32","modified_gmt":"2023-02-02T15:09:32","slug":"masa-din-inox-cu-chiuvete-si-raft-smv-4-2s","status":"publish","type":"product","link":"https:\/\/evotek.md\/ro\/produse\/mobila-din-inox\/mese-cu-chiuveta-din-inox\/masa-din-inox-cu-chiuvete-si-raft-smv-4-2s\/","title":{"rendered":"MASA DIN INOX CU 2 CHIUVETE PE PARTEA DREAPTA SMV-4-2S 1250x600x850 mm"},"content":{"rendered":"<p><strong>MASA DIN INOX CU 2 CHIUVETE PE PARTEA DREAPTA SMV-4-2S 1250x600x850 mm<\/strong>&#8211; Mesele cu chiuvet\u0103 sunt concepute pentru prelucrarea produselor, blatul de lucru din inox este rezistent \u0219i u\u0219or de cur\u0103\u021bat. La interior, pentru absorb\u021bia sunetului este \u00eent\u0103rit\u0103 cu o foaie de PAL. Aceast\u0103 mas\u0103 cu chiuvet\u0103 este sudat\u0103 \u0219i lustruit\u0103, fiind un avantaj al oric\u0103rei buc\u0103t\u0103rii. Mesele din inox cu chiuvete sunt utilizate pe scar\u0103 larg\u0103 \u00een industria alimentar\u0103, \u00een \u0219coli, gr\u0103dini\u021be, cantine, restaurante \u0219i diverse \u00eentreprinderi de alimenta\u021bie public\u0103. Vasul chiuvetei este sudat, realizat din otel inoxidabil alimentar. Din interior, blatul mesei este \u00eent\u0103rit cu o foaie de PAL. Picioarele sunt reglabile pe inaltime.<\/p>\n<p>Caracteristici<\/p>\n<p>Parametri (l\/l\/a): 1000-2000\u00d7500-700\u00d7850 mm<br \/>\nLungime cuv\u0103: 500 mm<br \/>\nL\u0103\u021bime cuv\u0103: 360-560 mm<br \/>\n\u00cen\u0103l\u021bime cuv\u0103: 150-200 mm<br \/>\nNum\u0103r cuve: 2 bucata<\/p>\n","protected":false},"excerpt":{"rendered":"<p>Mas\u0103 din inox cu 2 chiuvete pe partea dreapt\u0103, cu bordur la perete \u0219i raft. Parametri (l\/l\/a): 1000-2000\u00d7500-700\u00d7850 mm; Lungime cuv\u0103: 500 mm; L\u0103\u021bime cuv\u0103: 360-560 mm; \u00cen\u0103l\u021bime cuv\u0103: 150-200 mm; Num\u0103r cuve: 2 bucata.<\/p>\n<p>*Masa din inox cu chiuvet\u0103 poate fi realizat\u0103 dup\u0103 proiectul individual.<\/p>\n<p>*Robinetul \u0219i sifoanele nu sunt incluse.<\/p>\n","protected":false},"featured_media":26196,"template":"","meta":[],"_links":{"self":[{"href":"https:\/\/evotek.md\/ro\/wp-json\/wp\/v2\/product\/26197"}],"collection":[{"href":"https:\/\/evotek.md\/ro\/wp-json\/wp\/v2\/product"}],"about":[{"href":"https:\/\/evotek.md\/ro\/wp-json\/wp\/v2\/types\/product"}],"wp:featuredmedia":[{"embeddable":true,"href":"https:\/\/evotek.md\/ro\/wp-json\/wp\/v2\/media\/26196"}],"wp:attachment":[{"href":"https:\/\/evotek.md\/ro\/wp-json\/wp\/v2\/media?parent=26197"}],"curies":[{"name":"wp","href":"https:\/\/api.w.org\/{rel}","templated":true}]}}