{"id":26181,"date":"2021-11-04T10:27:53","date_gmt":"2021-11-04T10:27:53","guid":{"rendered":"https:\/\/evotek.md\/?post_type=product&#038;p=26181"},"modified":"2021-11-04T10:32:09","modified_gmt":"2021-11-04T10:32:09","slug":"masa-din-inox-cu-chiuveta-smv-5-1s","status":"publish","type":"product","link":"https:\/\/evotek.md\/ro\/produse\/mobila-din-inox\/chiuvete-din-inox\/masa-din-inox-cu-chiuveta-smv-5-1s\/","title":{"rendered":"MAS\u0102 DIN INOX CU CHIUVET\u0102 -SMV-5-1S"},"content":{"rendered":"<p><strong>MAS\u0102 DIN INOX CU CHIUVET\u0102 -SMV-5-1S-<\/strong> Mesele cu chiuvet\u0103 sunt concepute pentru prelucrarea produselor, blatul de lucru din inox este rezistent \u0219i u\u0219or de cur\u0103\u021bat. La interior, pentru absorb\u021bia sunetului este \u00eent\u0103rit\u0103 cu o foaie de PAL. Aceast\u0103 mas\u0103 cu chiuvet\u0103 este sudat\u0103 \u0219i lustruit\u0103, fiind un avantaj al oric\u0103rei buc\u0103t\u0103rii. Mesele din inox cu chiuvete sunt utilizate pe scar\u0103 larg\u0103 \u00een industria alimentar\u0103, \u00een \u0219coli, gr\u0103dini\u021be, cantine, restaurante \u0219i diverse \u00eentreprinderi de alimenta\u021bie public\u0103. Vasul chiuvetei este sudat, realizat din otel inoxidabil alimentar. Din interior, blatul mesei este \u00eent\u0103rit cu o foaie de PAL. Picioarele sunt reglabile pe inaltime.<\/p>\n<p>Caracteristici<\/p>\n<p>Parametri (l\/l\/a): 500-2000&#215;500-700&#215;850 mm<br \/>\nLungime bol: 500 mm<br \/>\nL\u0103\u021bime bol: 360-560 mm<br \/>\n\u00cen\u0103l\u021bime bol: 150-200 mm<br \/>\nNum\u0103r boluri: 1 bucata<\/p>\n","protected":false},"excerpt":{"rendered":"<p>Mas\u0103 din inox cu o chiuvet\u0103 pe partea dreapt\u0103, cu bordur la perete, f\u0103r\u0103 raft. Parametri (l\/l\/a): 500-2000&#215;500-700&#215;850 mm; Lungime bol: 500 mm; L\u0103\u021bime bol: 360-560 mm; \u00cen\u0103l\u021bime bol: 150-200 mm; Num\u0103r boluri: 1 bucata.<\/p>\n<div>* Masa din o\u021bel inoxidabil cu chiuvet\u0103 poate fi realizat\u0103 dup\u0103 proiectu lindividual.<\/div>\n<div><\/div>\n<div>* Robinetul \u0219i sifoanele nu sunt incluse.<\/div>\n","protected":false},"featured_media":26180,"template":"","meta":[],"_links":{"self":[{"href":"https:\/\/evotek.md\/ro\/wp-json\/wp\/v2\/product\/26181"}],"collection":[{"href":"https:\/\/evotek.md\/ro\/wp-json\/wp\/v2\/product"}],"about":[{"href":"https:\/\/evotek.md\/ro\/wp-json\/wp\/v2\/types\/product"}],"wp:featuredmedia":[{"embeddable":true,"href":"https:\/\/evotek.md\/ro\/wp-json\/wp\/v2\/media\/26180"}],"wp:attachment":[{"href":"https:\/\/evotek.md\/ro\/wp-json\/wp\/v2\/media?parent=26181"}],"curies":[{"name":"wp","href":"https:\/\/api.w.org\/{rel}","templated":true}]}}