{"id":26162,"date":"2021-11-03T15:35:34","date_gmt":"2021-11-03T15:35:34","guid":{"rendered":"https:\/\/evotek.md\/?post_type=product&#038;p=26162"},"modified":"2021-11-03T15:35:35","modified_gmt":"2021-11-03T15:35:35","slug":"dulap-cu-chiuveta-1100x600x850-mtv-2s-2dr","status":"publish","type":"product","link":"https:\/\/evotek.md\/ro\/produse\/mobila-din-inox\/masa-dulap-cu-chiuveta\/dulap-cu-chiuveta-1100x600x850-mtv-2s-2dr\/","title":{"rendered":"DULAP CU CHIUVET\u0102 1100x600x850 -MTV-2S-2DR"},"content":{"rendered":"<div><strong>DULAP CU CHIUVET\u0102 1100x600x850 -MTV-2S-2DR- <\/strong>Dulapurile cu chiuvete sunt concepute pentru prelucrarea alimentelor, precum \u0219i pentru depozitarea vaselor, ustensilelor de buc\u0103t\u0103rie, tac\u00e2murilor \u0219i alimentelor \u00een siguran\u021b\u0103. Blatul mesei \u0219i carcasa cu u\u0219i sunt din o\u021bel inoxidabil. Picioarele sunt reglabile pe \u00een\u0103l\u021bime. Din interior, blatul mesei este \u00eent\u0103rit cu o foaie de PAL. Chiuvetele sunt sudate.<\/div>\n<div><\/div>\n<div>Caracteristici<\/div>\n<div>Bordur la perete: 50 mm<\/div>\n<div>Confec\u0163ionarea chiuvetei: sudat\u0103<\/div>\n<div>Numar de chiuvete: 2<\/div>\n<div>Ad\u00e2ncimea chiuvetei: 300 mm<\/div>\n<div>Dimensiuni: 1100x600x850 mm<\/div>\n<div>Greutate: 60 kg<\/div>\n","protected":false},"excerpt":{"rendered":"<div>Dulap cu chiuvet\u0103. Bordur la perete: 50 mm; Confec\u0163ionarea chiuvetei: sudat\u0103; Numar de chiuvete: 2; Ad\u00e2ncimea chiuvetei: 300 mm; Dimensiuni: 1100x600x850 mm; Greutate: 60 kg.<\/div>\n","protected":false},"featured_media":26157,"template":"","meta":[],"_links":{"self":[{"href":"https:\/\/evotek.md\/ro\/wp-json\/wp\/v2\/product\/26162"}],"collection":[{"href":"https:\/\/evotek.md\/ro\/wp-json\/wp\/v2\/product"}],"about":[{"href":"https:\/\/evotek.md\/ro\/wp-json\/wp\/v2\/types\/product"}],"wp:featuredmedia":[{"embeddable":true,"href":"https:\/\/evotek.md\/ro\/wp-json\/wp\/v2\/media\/26157"}],"wp:attachment":[{"href":"https:\/\/evotek.md\/ro\/wp-json\/wp\/v2\/media?parent=26162"}],"curies":[{"name":"wp","href":"https:\/\/api.w.org\/{rel}","templated":true}]}}