{"id":26148,"date":"2021-11-03T14:22:10","date_gmt":"2021-11-03T14:22:10","guid":{"rendered":"https:\/\/evotek.md\/?post_type=product&#038;p=26148"},"modified":"2021-11-03T14:22:10","modified_gmt":"2021-11-03T14:22:10","slug":"chiuveta-din-inox-mvs-5-3s","status":"publish","type":"product","link":"https:\/\/evotek.md\/ro\/produse\/mobila-din-inox\/chiuvete-din-inox\/chiuveta-din-inox-mvs-5-3s\/","title":{"rendered":"CHIUVET\u0102 DIN INOX -MVS-5-3S"},"content":{"rendered":"<p><strong>CHIUVET\u0102 DIN INOX -MVS-5-3S-<\/strong> Chiuvetele sunt concepute pentru igienizarea alimentelor, a vaselor \u0219i a ustensilelor.<br \/>\nVasul chiuvetei este \u0219tan\u021bat, din o\u021bel inoxidabil alimentar, carcasa la fel este din o\u021bel inoxidabil. Picioarele pot fi reglabile pe \u00een\u0103l\u021bime.<\/p>\n<p>Caracteristici<br \/>\nLungime bol: 400-500 mm<br \/>\nL\u0103\u021bime bol: 400-500 mm<br \/>\nAd\u00e2ncime bol: 250 -350 mm<br \/>\nNum\u0103r boluri: 3 buc.<br \/>\nLungime: 1400-1700 mm<br \/>\nL\u0103\u021bime: 600-700 mm<br \/>\n\u00cen\u0103l\u021bime: 850 mm<\/p>\n","protected":false},"excerpt":{"rendered":"<p>Chiuvet\u0103 din inox. Lungime bol: 400-500 mm; L\u0103\u021bime bol: 400-500 mm; Ad\u00e2ncime bol: 250 -350 mm; Num\u0103r boluri: 3 buc.; Lungime: 1400-1700 mm; L\u0103\u021bime: 600-700 mm; \u00cen\u0103l\u021bime: 850 mm.<\/p>\n","protected":false},"featured_media":26147,"template":"","meta":[],"_links":{"self":[{"href":"https:\/\/evotek.md\/ro\/wp-json\/wp\/v2\/product\/26148"}],"collection":[{"href":"https:\/\/evotek.md\/ro\/wp-json\/wp\/v2\/product"}],"about":[{"href":"https:\/\/evotek.md\/ro\/wp-json\/wp\/v2\/types\/product"}],"wp:featuredmedia":[{"embeddable":true,"href":"https:\/\/evotek.md\/ro\/wp-json\/wp\/v2\/media\/26147"}],"wp:attachment":[{"href":"https:\/\/evotek.md\/ro\/wp-json\/wp\/v2\/media?parent=26148"}],"curies":[{"name":"wp","href":"https:\/\/api.w.org\/{rel}","templated":true}]}}