{"id":2612,"date":"2020-02-20T14:40:55","date_gmt":"2020-02-20T14:42:19","guid":{"rendered":"https:\/\/evotek.md\/?post_type=product&#038;p=2612"},"modified":"2023-03-09T10:14:35","modified_gmt":"2023-03-09T10:14:35","slug":"mixer-planetar-hkn-ip50fm-2","status":"publish","type":"product","link":"https:\/\/evotek.md\/ro\/produse\/echipamente-electromecanice\/mixer-planetar\/mixer-planetar-hkn-ip50fm-2\/","title":{"rendered":"MIXER PLANETAR, 50 LITRI (gri) -HKN-IP50FM"},"content":{"rendered":"<p><strong>MIXER PLANETAR, 50 LITRI (gri) -HKN-IP50FM- <\/strong>Mixer cu un sistem de control electromecanic este folosit pentru a fr\u0103m\u00e2nta aluat, inclusiv \u0219i pentru a zbate albu\u0219uri, sm\u00e2nt\u00e2n\u0103, drojdie. Mixerul planetar este utilizat pe scar\u0103 larg\u0103 \u00een toate tipurile de alimenta\u021bie public\u0103 \u0219i comer\u021b. Carcasa recipientului pentru aluat este din inox, al c\u0103rui volum este de 50 litri. Echipamentul include un zb\u0103t\u0103tor, un c\u00e2rlig \u0219i o spatul\u0103. Mixerul are trei viteze fixe de 65, 102 \u0438 296 rpm.<\/p>\n<p>Caracteristici<\/p>\n<p>Brand Hurakan<\/p>\n<p>Parametri: 780x680x1260 \u00a0mm<\/p>\n<p>Putere: 2 kW<\/p>\n<p>Tensiune: 380 V<\/p>\n<p>Greutate net\u0103: 186 kg<\/p>\n<p>&nbsp;<\/p>\n","protected":false},"excerpt":{"rendered":"<p>Mixer planetar cu trei viteze fixe de 65, 102 \u0438 296 rota\u021bii pe minut. Parametri: 780x680x1260 mm; Putere: 2 kW; Tensiune: 380 V; Greutate net\u0103: 186 kg.<\/p>\n","protected":false},"featured_media":2608,"template":"","meta":[],"_links":{"self":[{"href":"https:\/\/evotek.md\/ro\/wp-json\/wp\/v2\/product\/2612"}],"collection":[{"href":"https:\/\/evotek.md\/ro\/wp-json\/wp\/v2\/product"}],"about":[{"href":"https:\/\/evotek.md\/ro\/wp-json\/wp\/v2\/types\/product"}],"wp:featuredmedia":[{"embeddable":true,"href":"https:\/\/evotek.md\/ro\/wp-json\/wp\/v2\/media\/2608"}],"wp:attachment":[{"href":"https:\/\/evotek.md\/ro\/wp-json\/wp\/v2\/media?parent=2612"}],"curies":[{"name":"wp","href":"https:\/\/api.w.org\/{rel}","templated":true}]}}