{"id":26081,"date":"2021-11-02T10:28:42","date_gmt":"2021-11-02T10:28:42","guid":{"rendered":"https:\/\/evotek.md\/?post_type=product&#038;p=26081"},"modified":"2021-11-02T10:43:09","modified_gmt":"2021-11-02T10:43:09","slug":"statie-barman","status":"publish","type":"product","link":"https:\/\/evotek.md\/ro\/produse\/mobila-din-inox\/statie-barman-2\/statie-barman\/","title":{"rendered":"STA\u021aIE BARMAN -SB-M-R-K-D-1600-550"},"content":{"rendered":"<div>\n<div><strong>STA\u021aIE BARMAN -SB-M-R-K-D-1600-550-<\/strong> Sta\u021biile barman sunt realizate din o\u021bel inoxidabil alimentar \u0219i echipate cu sistemul \u201eSpeed \u200b\u200b\u200b\u200brack\u201d (loc pentru sticle cu b\u0103uturi). Toate compartimentele rezervorului principal pot fi reglate cu deflectoare reglabile. Termoizola\u021bia instalat\u0103 pe rezervorul principal men\u021bine ghea\u021ba pe toat\u0103 durata turei. Forma special\u0103 a fundului rezervorului principal asigur\u0103 o scurgere neobstruc\u0163ionat\u0103 \u00een sistemul de canalizare a apei topite.<\/div>\n<div><\/div>\n<div>Sta\u021bia barman poate fi fabricat\u0103 cu: un suport pentru un agitator sau blender, o chiuvet\u0103, ma\u0219in\u0103 de sp\u0103lat pahare, rezervor frigorific pentru sucuri, ghea\u021b\u0103 \u0219i recipiente gastronormice pentru fructe feliate, gaur\u0103 pentru eliminarea direct\u0103 a de\u0219eurilor, toc\u0103toare, sta\u021bie fresh.<\/div>\n<div><\/div>\n<\/div>\n<div>Caracteristici<\/div>\n<div><\/div>\n<div>Dimensiuni: 1600x780x1115 mm<\/div>\n<div>Greutate: 53 kg<\/div>\n<div>Suprafata de lucru: 1600&#215;550 mm<\/div>\n<div><\/div>\n<div>\n<div class=\"woocommerce-tabs wc-tabs-wrapper container tabbed-content\">\n<div class=\"tab-panels\">\n<div id=\"tab-description\" class=\"woocommerce-Tabs-panel woocommerce-Tabs-panel--description panel entry-content active\" role=\"tabpanel\" aria-labelledby=\"tab-title-description\">\n<div>Dimensiunile \u0219i echiparea sta\u021biei de bar pot fi proiectate individual.<\/div>\n<\/div>\n<\/div>\n<\/div>\n<div class=\"related related-products-wrapper product-section\"><\/div>\n<\/div>\n","protected":false},"excerpt":{"rendered":"<div><\/div>\n<div>Dimensiuni: 1600x780x1115 mm; Greutate: 53 kg; Suprafata de lucru: 1600&#215;550 mm.<\/div>\n","protected":false},"featured_media":26078,"template":"","meta":[],"_links":{"self":[{"href":"https:\/\/evotek.md\/ro\/wp-json\/wp\/v2\/product\/26081"}],"collection":[{"href":"https:\/\/evotek.md\/ro\/wp-json\/wp\/v2\/product"}],"about":[{"href":"https:\/\/evotek.md\/ro\/wp-json\/wp\/v2\/types\/product"}],"wp:featuredmedia":[{"embeddable":true,"href":"https:\/\/evotek.md\/ro\/wp-json\/wp\/v2\/media\/26078"}],"wp:attachment":[{"href":"https:\/\/evotek.md\/ro\/wp-json\/wp\/v2\/media?parent=26081"}],"curies":[{"name":"wp","href":"https:\/\/api.w.org\/{rel}","templated":true}]}}