{"id":26050,"date":"2021-10-29T14:17:34","date_gmt":"2021-10-29T14:20:35","guid":{"rendered":"https:\/\/evotek.md\/?post_type=product&#038;p=26050"},"modified":"2022-12-14T14:10:33","modified_gmt":"2022-12-14T14:10:33","slug":"blender-stick-20-cm-m-08410000","status":"publish","type":"product","link":"https:\/\/evotek.md\/ro\/produse\/echipamente-pentru-bar-si-cafea\/blendere-echipamente-pentru-bar\/blender-stick-20-cm-m-08410000\/","title":{"rendered":"BLENDER STICK 198 mm -M-08410000"},"content":{"rendered":"<p><strong>BLENDER STICK 198 mm -M-08410000-<\/strong> Acest blender cu imersie de 20 cm este foarte versatil \u0219i indispensabil \u00een orice buc\u0103t\u0103rie. Blenderul vine standard cu o bar\u0103 cu lame de o\u021bel ascu\u021bite. Cu aceste cu\u021bite ascu\u021bite, pute\u021bi reduce dimensiunea alimentelor dvs. rapid \u0219i u\u0219or. Pute\u021bi utiliza, de asemenea, acest accesoriu pentru a face piureuri, cum ar fi m\u00e2ncare pentru bebelu\u0219i, sosuri sau supe. Un alt accesoriu utilizat frecvent este ata\u0219amentul cu dou\u0103 bici mici, care pot fi folosite, printre altele, pentru a bate frisca. Blenderul elegant are un corp din plastic, iar accesoriile sunt fabricate din o\u021bel inoxidabil, deci sunt u\u0219or de cur\u0103\u021bat.<\/p>\n<p>Caracteristici<\/p>\n<p>Viteza: 6000-20.000 rpm<br \/>\nVolum procesare: 10 l<br \/>\nAd\u00e2ncime de introducere: 150 mm<br \/>\nDiametru picior: \u2205 70 mm<br \/>\nGreutate neta: 2,6 kg<br \/>\nDimensiuni aparat: L570 x D90 x H90 mm<br \/>\nPutere electrica totala: 0,28 kW<br \/>\nPutere: 230V \/ 50Hz \/ 1 faza 280W<\/p>\n","protected":false},"excerpt":{"rendered":"<p>Blender stick 198 mm. Viteza: 6000-20.000 rpm; Volum procesare: 10 l; Ad\u00e2ncime de introducere: 150 mm; Diametru picior: \u2205 70 mm; Greutate neta: 2,6 kg<br \/>\nDimensiuni aparat: L570 x D90 x H90 mm; Putere electrica totala: 0,28 kW; Putere: 230V \/ 50Hz \/ 1 faza 280W.<\/p>\n","protected":false},"featured_media":23960,"template":"","meta":[],"_links":{"self":[{"href":"https:\/\/evotek.md\/ro\/wp-json\/wp\/v2\/product\/26050"}],"collection":[{"href":"https:\/\/evotek.md\/ro\/wp-json\/wp\/v2\/product"}],"about":[{"href":"https:\/\/evotek.md\/ro\/wp-json\/wp\/v2\/types\/product"}],"wp:featuredmedia":[{"embeddable":true,"href":"https:\/\/evotek.md\/ro\/wp-json\/wp\/v2\/media\/23960"}],"wp:attachment":[{"href":"https:\/\/evotek.md\/ro\/wp-json\/wp\/v2\/media?parent=26050"}],"curies":[{"name":"wp","href":"https:\/\/api.w.org\/{rel}","templated":true}]}}