{"id":26044,"date":"2021-10-27T10:27:28","date_gmt":"2021-10-27T10:40:10","guid":{"rendered":"https:\/\/evotek.md\/?post_type=product&#038;p=26044"},"modified":"2023-01-18T10:20:58","modified_gmt":"2023-01-18T10:20:58","slug":"plita-cu-inductie-kiy-v-pi-4-2-14","status":"publish","type":"product","link":"https:\/\/evotek.md\/ro\/produse\/echipamente-termice\/plite-cu-inductie\/plita-cu-inductie-kiy-v-pi-4-2-14\/","title":{"rendered":"PLITA CU INDUCTIE 4 ARZATOARE -PI-4.2-14"},"content":{"rendered":"<p><strong>PLITA CU INDUCTIE 4 ARZATOARE -PI-4.2-14-<\/strong> Plita cu induc\u021bie cu patru arz\u0103toare este conceput\u0103 pentru utilizare intensiv\u0103 \u00een cafenele, cantine, restaurante, comer\u021b, alte unit\u0103\u021bi de alimenta\u021bie public\u0103 \u0219i fast-food. Plita cu induc\u021bie cu arz\u0103toare vitroceramice are o putere optim\u0103 \u0219i carcas\u0103 puternic\u0103 conceput\u0103 pentru lucru cu vase profesionale de dimensiuni mari. Include filtre deta\u0219abile pentru componentele ventilate \u0219i relee de siguran\u021b\u0103 ale arz\u0103torului pentru a proteja arz\u0103toarele de supratensiuni.<\/p>\n<p>Caracteristici<br \/>\nTensiune: 380 V<br \/>\nPutere: 14 kW<br \/>\nPuterea unui arz\u0103tor: 3,5 kW<br \/>\nTip de instalare: pe podea<br \/>\nMaterial carcasa: otel inoxidabil<br \/>\nNum\u0103r de arz\u0103toare: 4<br \/>\nDimensiune arz\u0103tor: 320&#215;320 mm<br \/>\nControl: electronic<br \/>\nDiametrul minim al t\u0103vii: 100 mm<br \/>\nPutere: 14 kW<br \/>\nDimensiuni: 780x870x850 mm<br \/>\nGreutate: 40 KG<\/p>\n","protected":false},"excerpt":{"rendered":"<p>Plit\u0103 cu induc\u021bie cu patru arz\u0103toare. Tensiune: 380 V; Putere: 14 kW; Puterea unui arz\u0103tor: 3,5 kW; Tip de instalare: pe podea<br \/>\nMaterial carcasa: otel inoxidabil; Num\u0103r de arz\u0103toare: 4; Dimensiune arz\u0103tor: 320&#215;320 mm; Control: electronic; Diametrul minim al t\u0103vii: 100 mm; Putere: 14 kW; Dimensiuni: 780x870x850 mm; Greutate: 40 KG.<\/p>\n","protected":false},"featured_media":26039,"template":"","meta":[],"_links":{"self":[{"href":"https:\/\/evotek.md\/ro\/wp-json\/wp\/v2\/product\/26044"}],"collection":[{"href":"https:\/\/evotek.md\/ro\/wp-json\/wp\/v2\/product"}],"about":[{"href":"https:\/\/evotek.md\/ro\/wp-json\/wp\/v2\/types\/product"}],"wp:featuredmedia":[{"embeddable":true,"href":"https:\/\/evotek.md\/ro\/wp-json\/wp\/v2\/media\/26039"}],"wp:attachment":[{"href":"https:\/\/evotek.md\/ro\/wp-json\/wp\/v2\/media?parent=26044"}],"curies":[{"name":"wp","href":"https:\/\/api.w.org\/{rel}","templated":true}]}}