{"id":2584,"date":"2020-02-20T12:44:22","date_gmt":"2020-02-20T12:54:40","guid":{"rendered":"https:\/\/evotek.md\/?post_type=product&#038;p=2584"},"modified":"2024-06-07T07:22:50","modified_gmt":"2024-06-07T07:22:50","slug":"mixer-manual-hkn-mp160-combi","status":"publish","type":"product","link":"https:\/\/evotek.md\/ro\/produse\/echipamente-electromecanice\/blender-stick\/mixer-manual-hkn-mp160-combi\/","title":{"rendered":"BLENDER STICK, CU TEL SI DUZA -HKN-MP160 COMBI"},"content":{"rendered":"<p><strong>BLENDER STICK, CU TEL SI DUZA -HKN-MP160 COMBI- <\/strong>Mixerul este ajutorul excelent \u00een orice buc\u0103t\u0103rie profesional\u0103 \u0219i acas\u0103. Proiectat pentru amestecarea diverselor produse alimentare, precum \u0219i pentru prepararea de supe, piure de cartofi, maionez\u0103, sm\u00e2nt\u00e2n\u0103, mousse. Perfect pentru mestecarea aluatului, sm\u00e2nt\u00e2nei \u0219i albu\u0219urilor. Se folose\u0219te \u00een restaurante, cafenele, patiserii, brut\u0103rii \u0219i alte unit\u0103\u021bi de alimenta\u021bie public\u0103 \u0219i comer\u021b. Corpul mixerului este rezistent \u0219i u\u0219or, din plastic ABS. Grad ridicat de fiabilitate; Durabilitate \u00eendelungat\u0103; Ergonomie.<\/p>\n<p>Caracteristici<br \/>\nAccesorii: tel + duza cu cu\u021bit<br \/>\nVitez\u0103 variabil\u0103: da<br \/>\nViteza maxima: 15000 rpm<br \/>\nViteza minima: 4000 rpm<br \/>\nConexiune: 0,22 kW<br \/>\nTensiune: 220V<br \/>\nLungime tel: 185 mm<br \/>\nLungime duza: 160 mm<br \/>\nGreutate neta: 1,1 kg<br \/>\nGreutate brut\u0103: 3,05 kg<br \/>\nLungime totala: 380 mm<br \/>\nLatime totala: 240 mm<br \/>\nInaltime totala: 220 mm<\/p>\n","protected":false},"excerpt":{"rendered":"<p>Accesorii: tel + duza cu cu\u021bit; Vitez\u0103 variabil\u0103: da; Viteza maxima: 15000 rpm; Viteza minima: 4000 rpm; Conexiune: 0,22 kW; Tensiune: 220V; Lungime tel: 185 mm; Lungime duza: 160 mm; Greutate neta: 1,1 kg; Greutate brut\u0103: 3,05 kg; Lungime totala: 380 mm; Latime totala: 240 mm; Inaltime totala: 220 mm.<\/p>\n","protected":false},"featured_media":2583,"template":"","meta":[],"_links":{"self":[{"href":"https:\/\/evotek.md\/ro\/wp-json\/wp\/v2\/product\/2584"}],"collection":[{"href":"https:\/\/evotek.md\/ro\/wp-json\/wp\/v2\/product"}],"about":[{"href":"https:\/\/evotek.md\/ro\/wp-json\/wp\/v2\/types\/product"}],"wp:featuredmedia":[{"embeddable":true,"href":"https:\/\/evotek.md\/ro\/wp-json\/wp\/v2\/media\/2583"}],"wp:attachment":[{"href":"https:\/\/evotek.md\/ro\/wp-json\/wp\/v2\/media?parent=2584"}],"curies":[{"name":"wp","href":"https:\/\/api.w.org\/{rel}","templated":true}]}}