{"id":25837,"date":"2021-10-18T10:53:17","date_gmt":"2021-10-18T10:58:00","guid":{"rendered":"https:\/\/evotek.md\/?post_type=product&#038;p=25837"},"modified":"2023-03-09T09:43:27","modified_gmt":"2023-03-09T09:43:27","slug":"m-09300469","status":"publish","type":"product","link":"https:\/\/evotek.md\/ro\/produse\/echipamente-electromecanice\/masina-de-umplut-carnati\/m-09300469\/","title":{"rendered":"MASINA DE UMPLUT CARNATI, MANUALA, 7 LITRI (orizontal) -M-09300469"},"content":{"rendered":"<p><strong>MASINA DE UMPLUT CARNATI, MANUALA, 7 LITRI (orizontal) -M-09300469-<\/strong> Este destinat form\u0103rii c\u00e2rna\u021bilor folosind carne tocat\u0103 preparat\u0103. Toate elementele de baz\u0103 sunt fabricate din inox de \u00eenalt\u0103 calitate. Capacitatea recipientului pentru carne tocat\u0103, fabricat tot din o\u021bel inoxidabil, este de 7 litri. Dispozitivul include 4 duze cu diametrul: 16, 22, 32 \u0438 38 mm. Ideal pentru utilizarea \u00een hotele, restaurante, cantine \u0219i altele.<\/p>\n<p>Caracteristici<\/p>\n<p>Greutate net\u0103: 113 kg<br \/>\nDimensiuni cilindru: \u00d8140 x 460 mm<br \/>\nDiametru cilindru de evacuare: \u00d850mm<br \/>\nDimensiuni unitate: H340 x W830 x D300 mm<\/p>\n","protected":false},"excerpt":{"rendered":"<p>Ma\u0219in\u0103 de umplut c\u00e2rna\u021bi orizontal\u0103, cu capacitatea de 7 l. Greutate net\u0103: 113 kg; Dimensiuni cilindru: \u00d8140 x 460 mm; Diametru cilindru de evacuare: \u00d850mm; Dimensiuni unitate: H340 x W830 x D300 mm.<\/p>\n","protected":false},"featured_media":25824,"template":"","meta":[],"_links":{"self":[{"href":"https:\/\/evotek.md\/ro\/wp-json\/wp\/v2\/product\/25837"}],"collection":[{"href":"https:\/\/evotek.md\/ro\/wp-json\/wp\/v2\/product"}],"about":[{"href":"https:\/\/evotek.md\/ro\/wp-json\/wp\/v2\/types\/product"}],"wp:featuredmedia":[{"embeddable":true,"href":"https:\/\/evotek.md\/ro\/wp-json\/wp\/v2\/media\/25824"}],"wp:attachment":[{"href":"https:\/\/evotek.md\/ro\/wp-json\/wp\/v2\/media?parent=25837"}],"curies":[{"name":"wp","href":"https:\/\/api.w.org\/{rel}","templated":true}]}}