{"id":25821,"date":"2021-10-18T10:15:32","date_gmt":"2021-10-18T10:35:05","guid":{"rendered":"https:\/\/evotek.md\/?post_type=product&#038;p=25821"},"modified":"2023-03-09T09:42:51","modified_gmt":"2023-03-09T09:42:51","slug":"masina-de-umplut-carnati-orizontala-5-l-m-09300468","status":"publish","type":"product","link":"https:\/\/evotek.md\/ro\/produse\/echipamente-electromecanice\/masina-de-umplut-carnati\/masina-de-umplut-carnati-orizontala-5-l-m-09300468\/","title":{"rendered":"MASINA DE UMPLUT CARNATI, MANUALA, 5 LITRI (orizontal) -M-09300468"},"content":{"rendered":"<div><strong>MASINA DE UMPLUT CARNATI, MANUALA, 5 LITRI (orizontal) -M-09300468-<\/strong> Este destinat form\u0103rii c\u00e2rna\u021bilor folosind carne tocat\u0103 preparat\u0103. Toate elementele de baz\u0103 sunt fabricate din inox de \u00eenalt\u0103 calitate. Capacitatea recipientului pentru carne tocat\u0103, fabricat tot din o\u021bel inoxidabil, este de 5 litri. Dispozitivul include 4 duze cu diametrul: 16, 22, 32 \u0438 38 mm. Ideal pentru utilizarea \u00een hotele, restaurante, cantine \u0219i altele.<\/div>\n<div><\/div>\n<div>Caracteristici<\/div>\n<div><\/div>\n<div>Greutate net\u0103: 12 kg<\/div>\n<div>Dimensiuni cilindru: \u00d8140 x 320 mm<\/div>\n<div>Diametru cilindru de evacuare: \u00d850mm<\/div>\n<div>Dimensiunile dispozitivului: H340 x W690 x D300 mm<\/div>\n","protected":false},"excerpt":{"rendered":"<p>Ma\u0219in\u0103 de umplut c\u00e2rna\u021bi orizontal\u0103 cu capacitatea de 5 litri. Greutate net\u0103: 12 kg; Dimensiuni cilindru: \u00d8140 x 320 mm; Diametru cilindru de evacuare: \u00d850 mm; Dimensiunile dispozitivului: H340 x W690 x D300 mm<\/p>\n","protected":false},"featured_media":25808,"template":"","meta":[],"_links":{"self":[{"href":"https:\/\/evotek.md\/ro\/wp-json\/wp\/v2\/product\/25821"}],"collection":[{"href":"https:\/\/evotek.md\/ro\/wp-json\/wp\/v2\/product"}],"about":[{"href":"https:\/\/evotek.md\/ro\/wp-json\/wp\/v2\/types\/product"}],"wp:featuredmedia":[{"embeddable":true,"href":"https:\/\/evotek.md\/ro\/wp-json\/wp\/v2\/media\/25808"}],"wp:attachment":[{"href":"https:\/\/evotek.md\/ro\/wp-json\/wp\/v2\/media?parent=25821"}],"curies":[{"name":"wp","href":"https:\/\/api.w.org\/{rel}","templated":true}]}}