{"id":25717,"date":"2021-10-15T13:07:34","date_gmt":"2021-10-15T13:12:19","guid":{"rendered":"https:\/\/evotek.md\/?post_type=product&#038;p=25717"},"modified":"2022-09-26T14:43:42","modified_gmt":"2022-09-26T14:43:42","slug":"malaxor-pentru-aluat-dur-hkn-25hn","status":"publish","type":"product","link":"https:\/\/evotek.md\/ro\/produse\/echipamente-electromecanice\/mixer-aluat\/malaxor-pentru-aluat-dur-hkn-25hn\/","title":{"rendered":"MALAXOR PENTRU ALUAT DUR 50 LITRI -HKN-25HN"},"content":{"rendered":"<p><strong>MALAXOR PENTRU ALUAT DUR 50 LITRI -HKN-25HN<\/strong>&#8211; este conceput pentru fr\u0103m\u00e2ntarea aluatului cu drojdie, aluatului pentru gogo\u0219i, aluatului pentru produse de cofet\u0103rie, etc.<\/p>\n<p>Caracteristici<br \/>\nPutere: 1,5 kW<br \/>\nTensiune: 220 V<br \/>\nDimensiuni totale: 820x605x735 mm<br \/>\nGreutate: 75 kg<br \/>\nVolumul bolului: 50 l<br \/>\n\u00cenc\u0103rcare maxim\u0103: 25 kg<br \/>\nViteza de rota\u021bie a bolului: 40 rpm<\/p>\n","protected":false},"excerpt":{"rendered":"<p>Malaxor pentru aluat dur. Putere: 1,5 kW; Tensiune: 220 V; Dimensiuni totale: 820x605x735 mm; Greutate: 75 kg; Volumul bolului: 50 l; \u00cenc\u0103rcare maxim\u0103: 25 kg; Viteza de rota\u021bie a bolului: 40 rpm.<\/p>\n","protected":false},"featured_media":25716,"template":"","meta":[],"_links":{"self":[{"href":"https:\/\/evotek.md\/ro\/wp-json\/wp\/v2\/product\/25717"}],"collection":[{"href":"https:\/\/evotek.md\/ro\/wp-json\/wp\/v2\/product"}],"about":[{"href":"https:\/\/evotek.md\/ro\/wp-json\/wp\/v2\/types\/product"}],"wp:featuredmedia":[{"embeddable":true,"href":"https:\/\/evotek.md\/ro\/wp-json\/wp\/v2\/media\/25716"}],"wp:attachment":[{"href":"https:\/\/evotek.md\/ro\/wp-json\/wp\/v2\/media?parent=25717"}],"curies":[{"name":"wp","href":"https:\/\/api.w.org\/{rel}","templated":true}]}}