{"id":25712,"date":"2021-10-15T10:47:11","date_gmt":"2021-10-15T10:47:11","guid":{"rendered":"https:\/\/evotek.md\/?post_type=product&#038;p=25712"},"modified":"2021-10-15T10:47:11","modified_gmt":"2021-10-15T10:47:11","slug":"racitor-de-sucuri-20-l-st30","status":"publish","type":"product","link":"https:\/\/evotek.md\/ro\/produse\/echipamente-frigorifice\/granitoare\/racitor-de-sucuri-20-l-st30\/","title":{"rendered":"R\u0102CITOR DE SUCURI 20 l -ST30"},"content":{"rendered":"<p><strong>R\u0102CITOR DE SUCURI 20 l -ST30-<\/strong> Racitorul de sucuri are o pompa electromagnetica \/ motor reductor silentios; Panouri laterale \u0219i frontale din o\u021bel inoxidabil; Se utilizeaz\u0103 un compresor silen\u021bios, durabil, puternic; Datorit\u0103 designului s\u0103u, asigur\u0103 \u00eentre\u021binere \u0219i cur\u0103\u021bare u\u0219oar\u0103; Ofer\u0103 r\u0103cirea ayranului \u0219i a sucului de fructe \u00een toate condi\u021biile.<\/p>\n<p>Caracteristici<\/p>\n<p>Dimensiuni produs: 320x470x760 mm<br \/>\nGreutate: 20 kg<br \/>\nCapacitate: 20 L<br \/>\nPutere: 550 Kcal<\/p>\n","protected":false},"excerpt":{"rendered":"<p>R\u0103citor de sucuri. Dimensiuni produs: 320x470x760 mm; Greutate: 20 kg; Capacitate: 20 L; Putere: 550 Kcal<\/p>\n","protected":false},"featured_media":25709,"template":"","meta":[],"_links":{"self":[{"href":"https:\/\/evotek.md\/ro\/wp-json\/wp\/v2\/product\/25712"}],"collection":[{"href":"https:\/\/evotek.md\/ro\/wp-json\/wp\/v2\/product"}],"about":[{"href":"https:\/\/evotek.md\/ro\/wp-json\/wp\/v2\/types\/product"}],"wp:featuredmedia":[{"embeddable":true,"href":"https:\/\/evotek.md\/ro\/wp-json\/wp\/v2\/media\/25709"}],"wp:attachment":[{"href":"https:\/\/evotek.md\/ro\/wp-json\/wp\/v2\/media?parent=25712"}],"curies":[{"name":"wp","href":"https:\/\/api.w.org\/{rel}","templated":true}]}}