{"id":25703,"date":"2021-10-15T09:39:52","date_gmt":"2021-10-15T09:43:00","guid":{"rendered":"https:\/\/evotek.md\/?post_type=product&#038;p=25703"},"modified":"2023-02-28T13:46:50","modified_gmt":"2023-02-28T13:46:50","slug":"friteuza-hkn-fr6l","status":"publish","type":"product","link":"https:\/\/evotek.md\/ro\/produse\/echipamente-termice\/friteuze-3\/friteuza-hkn-fr6l\/","title":{"rendered":"FRITEUZA ELECTRICA, 6 LITRI -HKN-FR6L"},"content":{"rendered":"<div><strong>FRITEUZA ELECTRICA, 6 LITRI -HKN-FR6L-<\/strong> este utilizat pentru prepararea cu gr\u0103simi ad\u00e2nci. Sunt utilizate pe scar\u0103 larg\u0103 \u00een toate tipurile de unit\u0103\u021bi de fast-food. Corpul dispozitivului este fabricat din o\u021bel inoxidabil. Acest model are o cuv\u0103 cu volum de 6 litri. Setul include \u0219i co\u0219uri \u0219i capace.<\/div>\n<div><\/div>\n<div>Caracteristici<\/div>\n<div><\/div>\n<div>Temperatura \u00een friteuz\u0103 este cuprins\u0103 \u00eentre 60 \u0219i 200 \u00b0C<\/div>\n<div>Recipientul de ulei poate fi \u00eendep\u0103rtat cu u\u0219urin\u021b\u0103<\/div>\n<div>Dimensiuni: 285x450x310 mm<\/div>\n<div>Conectat: 230 V<\/div>\n<div>Putere: 2,5 kW<\/div>\n<div>Greutate: 4,6 kg<\/div>\n","protected":false},"excerpt":{"rendered":"<div>Friteuz\u0103 electric\u0103 6 litri. Temperatura \u00een friteuz\u0103 este cuprins\u0103 \u00eentre 60 \u0219i 200 \u00b0C; Recipientul de ulei poate fi \u00eendep\u0103rtat cu u\u0219urin\u021b\u0103; Dimensiuni: 285x450x310 mm; Conectat: 230 V; Putere: 2,5 kW; Greutate: 4,6 kg.<\/div>\n","protected":false},"featured_media":25702,"template":"","meta":[],"_links":{"self":[{"href":"https:\/\/evotek.md\/ro\/wp-json\/wp\/v2\/product\/25703"}],"collection":[{"href":"https:\/\/evotek.md\/ro\/wp-json\/wp\/v2\/product"}],"about":[{"href":"https:\/\/evotek.md\/ro\/wp-json\/wp\/v2\/types\/product"}],"wp:featuredmedia":[{"embeddable":true,"href":"https:\/\/evotek.md\/ro\/wp-json\/wp\/v2\/media\/25702"}],"wp:attachment":[{"href":"https:\/\/evotek.md\/ro\/wp-json\/wp\/v2\/media?parent=25703"}],"curies":[{"name":"wp","href":"https:\/\/api.w.org\/{rel}","templated":true}]}}