{"id":25697,"date":"2021-10-13T13:22:02","date_gmt":"2021-10-13T13:22:02","guid":{"rendered":"https:\/\/evotek.md\/?post_type=product&#038;p=25697"},"modified":"2021-10-13T13:22:02","modified_gmt":"2021-10-13T13:22:02","slug":"chiuveta-pentru-spalarea-mainilor-hkn-khsk-400-320","status":"publish","type":"product","link":"https:\/\/evotek.md\/ro\/produse\/mobila-din-inox\/chiuvete-din-inox\/chiuveta-pentru-spalarea-mainilor-hkn-khsk-400-320\/","title":{"rendered":"CHIUVET\u0102 PENTRU SP\u0102LAREA M\u00c2INILOR -HKN KHSK-400 \/ 320"},"content":{"rendered":"<p><strong>CHIUVET\u0102 PENTRU SP\u0102LAREA M\u00c2INILOR -HKN KHSK-400 \/ 320-<\/strong> Chiuveta pentru sp\u0103larea m\u00e2inilor este utilizat\u0103 la unit\u0103\u021bile de alimenta\u021bie public\u0103 \u0219i comer\u021b. Carcasa este fabricat\u0103 din o\u021bel inoxidabil.<\/p>\n<p>Caracteristici<br \/>\nDimensiuni: 400x320x210 mm<br \/>\nDimensiunea rezervorului: 400x300x200 mm<br \/>\nGreutate net\u0103: 4,10 kg<\/p>\n","protected":false},"excerpt":{"rendered":"<p>Chiuvet\u0103 pentru sp\u0103larea m\u00e2inilor. Dimensiuni: 400x320x210 mm; Dimensiunea rezervorului: 400x300x200 mm; Greutate net\u0103: 4,10 kg.<\/p>\n","protected":false},"featured_media":25696,"template":"","meta":[],"_links":{"self":[{"href":"https:\/\/evotek.md\/ro\/wp-json\/wp\/v2\/product\/25697"}],"collection":[{"href":"https:\/\/evotek.md\/ro\/wp-json\/wp\/v2\/product"}],"about":[{"href":"https:\/\/evotek.md\/ro\/wp-json\/wp\/v2\/types\/product"}],"wp:featuredmedia":[{"embeddable":true,"href":"https:\/\/evotek.md\/ro\/wp-json\/wp\/v2\/media\/25696"}],"wp:attachment":[{"href":"https:\/\/evotek.md\/ro\/wp-json\/wp\/v2\/media?parent=25697"}],"curies":[{"name":"wp","href":"https:\/\/api.w.org\/{rel}","templated":true}]}}