{"id":25682,"date":"2021-10-12T15:08:22","date_gmt":"2021-10-12T15:08:22","guid":{"rendered":"https:\/\/evotek.md\/?post_type=product&#038;p=25682"},"modified":"2021-10-15T13:42:01","modified_gmt":"2021-10-15T13:42:01","slug":"presa-pentru-hamburger","status":"publish","type":"product","link":"https:\/\/evotek.md\/ro\/produse\/echipamente-electromecanice\/masina-de-presat-carne-pentru-hamburger\/presa-pentru-hamburger\/","title":{"rendered":"PRES\u0102 PENTRU HAMBURGER -HKN-F15"},"content":{"rendered":"<div><strong>PRES\u0102 PENTRU HAMBURGER -HKN-F15-<\/strong> Presa pentru hamburger manual\u0103 este conceput\u0103 pentru formarea rapid\u0103 a buc\u0103\u021bilor rotunde de carne tocat\u0103 sau pe\u0219te de diferite grosimi. Dispozitivul este potrivit pentru utilizare \u00een orice format de buc\u0103t\u0103rie.<\/div>\n<div><\/div>\n<div>Caracteristici<\/div>\n<div>Material carcas\u0103: aluminiu anodizat<\/div>\n<div>Material \u00een contact cu alimentele: o\u021bel inoxidabil<\/div>\n<div>Pachetul include substraturi de h\u00e2rtie pentru carne tocat\u0103 (100 buc)<\/div>\n<div>Dimensiuni generale: 245x210x280 mm<\/div>\n<div>Greutate: 6,3 kg<\/div>\n<div>Diametrul recipientului pentru carne tocat\u0103: 150 mm<\/div>\n","protected":false},"excerpt":{"rendered":"<div>Pres\u0103 pentru hamburger. Material carcas\u0103: aluminiu anodizat; Material \u00een contact cu alimentele: o\u021bel inoxidabil; Pachetul include substraturi de h\u00e2rtie pentru carne tocat\u0103 (100 buc); Dimensiuni generale: 245x210x280 mm; Greutate: 6,3 kg; Diametrul recipientului pentru carne tocat\u0103: 150 mm.<\/div>\n","protected":false},"featured_media":25684,"template":"","meta":[],"_links":{"self":[{"href":"https:\/\/evotek.md\/ro\/wp-json\/wp\/v2\/product\/25682"}],"collection":[{"href":"https:\/\/evotek.md\/ro\/wp-json\/wp\/v2\/product"}],"about":[{"href":"https:\/\/evotek.md\/ro\/wp-json\/wp\/v2\/types\/product"}],"wp:featuredmedia":[{"embeddable":true,"href":"https:\/\/evotek.md\/ro\/wp-json\/wp\/v2\/media\/25684"}],"wp:attachment":[{"href":"https:\/\/evotek.md\/ro\/wp-json\/wp\/v2\/media?parent=25682"}],"curies":[{"name":"wp","href":"https:\/\/api.w.org\/{rel}","templated":true}]}}