{"id":25679,"date":"2021-10-12T15:02:10","date_gmt":"2021-10-12T15:03:40","guid":{"rendered":"https:\/\/evotek.md\/?post_type=product&#038;p=25679"},"modified":"2023-01-27T13:50:10","modified_gmt":"2023-01-27T13:50:10","slug":"masa-congelator-hkn-pfc3gn-g","status":"publish","type":"product","link":"https:\/\/evotek.md\/ro\/produse\/echipamente-frigorifice\/masa-congelator\/masa-congelator-hkn-pfc3gn-g\/","title":{"rendered":"MASA CONGELATOR CU BORDUR LA PERETE 3 USI 450 L -HKN-PFC3GN-G"},"content":{"rendered":"<div><strong>MASA CONGELATOR CU BORDUR LA PERETE 3 USI 450 L -HKN-PFC3GN-G-<\/strong> func\u021bioneaz\u0103 la temperaturi ambientale de p\u00e2n\u0103 la +25 \u00b0 \u0421, temperatura de func\u021bionare -18 \u00b0\u0421. Sistemul de r\u0103cire dinamic\u0103 garanteaz\u0103 o r\u0103cire uniform\u0103 a alimentelor. Toate elementele sistemului frigorific sunt scoase din spa\u021biul frigorific. Unitatea frigorific\u0103 cu dou\u0103 pun\u021bi este amplasat\u0103 \u00eentr-un compartiment \u00eengust \u0219i se extinde complet pentru u\u0219urin\u021ba de \u00eentre\u021binere. Tabelele sunt conforme cu clasa de protec\u021bie IP24 pentru aparatele electrice. Materialul carcasei interioare \u0219i exterioare este din o\u021bel inoxidabil.<\/div>\n<div><\/div>\n<div>Caracteristici<\/div>\n<div>Grosimea peretelui carcasei: 43 mm<\/div>\n<div>Agent frigorific: R404A<\/div>\n<div>Grosimea mesei: 43 mm<\/div>\n<div>\u00cen\u0103l\u021bimea pl\u0103cii: 60 mm<\/div>\n<div>Volum: 450 l<\/div>\n<div>Dimensiuni: 1630x705x850 \/ 910 mm<\/div>\n<div>Num\u0103r u\u0219i: 3 buc<\/div>\n<div>Gastronorm standard: GN 1\/1<\/div>\n<div>Putere: 0,55 kW<\/div>\n<div>Greutate net\u0103: 150 kg<\/div>\n","protected":false},"excerpt":{"rendered":"<div>Grosimea peretelui carcasei: 43 mm; Agent frigorific: R404A; Grosimea mesei: 43 mm; \u00cen\u0103l\u021bimea pl\u0103cii: 60 mm; Volum: 450 l; Dimensiuni: 1630x705x850 \/ 910 mm; Num\u0103r u\u0219i: 3 buc; Gastronorm standard: GN 1\/1; Putere: 0,55 kW; Greutate net\u0103: 150 kg.<\/div>\n","protected":false},"featured_media":25678,"template":"","meta":[],"_links":{"self":[{"href":"https:\/\/evotek.md\/ro\/wp-json\/wp\/v2\/product\/25679"}],"collection":[{"href":"https:\/\/evotek.md\/ro\/wp-json\/wp\/v2\/product"}],"about":[{"href":"https:\/\/evotek.md\/ro\/wp-json\/wp\/v2\/types\/product"}],"wp:featuredmedia":[{"embeddable":true,"href":"https:\/\/evotek.md\/ro\/wp-json\/wp\/v2\/media\/25678"}],"wp:attachment":[{"href":"https:\/\/evotek.md\/ro\/wp-json\/wp\/v2\/media?parent=25679"}],"curies":[{"name":"wp","href":"https:\/\/api.w.org\/{rel}","templated":true}]}}