{"id":25673,"date":"2021-10-07T11:08:59","date_gmt":"2021-10-07T11:08:59","guid":{"rendered":"https:\/\/evotek.md\/?post_type=product&#038;p=25673"},"modified":"2021-10-07T11:10:54","modified_gmt":"2021-10-07T11:10:54","slug":"shaker-ponderat-pentru-coktail-uri-boston-0-9-l-st-47600","status":"publish","type":"product","link":"https:\/\/evotek.md\/ro\/produse\/accesorii-si-inventar-bucatarie\/accesorii-pentru-bar\/shaker-ponderat-pentru-coktail-uri-boston-0-9-l-st-47600\/","title":{"rendered":"SHAKER PONDERAT PENTRU COKTAIL-URI Boston 0.9 L -ST-47600"},"content":{"rendered":"<p><strong>SHAKER PONDERAT PENTRU COKTAIL-URI Boston 0.9 L -ST-476000-<\/strong>\u00a0un shaker pentru amestecarea cocktailurilor, format dintr-un pahar \u00eenalt, conceput pentru prepararea b\u0103uturilor alcoolice \u0219i nealcoolice \u00een baruri. Shaker-ul v\u0103 permite s\u0103 g\u0103ti\u021bi corect produsul amestec\u00e2nd bine ingredientele.<\/p>\n<p>Caracteristici<\/p>\n<p>Volum: 0,9 l<br \/>\nDiametru: 90 mm<br \/>\n\u00cen\u0103l\u021bime: 180 mm<br \/>\nMaterial: O\u021bel inoxidabil<\/p>\n","protected":false},"excerpt":{"rendered":"<p>Shaker Boston pentru cocktail-uri ponderat. Volum: 0,9 l; Diametru: 90 mm; \u00cen\u0103l\u021bime: 180 mm; Material: O\u021bel inoxidabil<\/p>\n","protected":false},"featured_media":25672,"template":"","meta":[],"_links":{"self":[{"href":"https:\/\/evotek.md\/ro\/wp-json\/wp\/v2\/product\/25673"}],"collection":[{"href":"https:\/\/evotek.md\/ro\/wp-json\/wp\/v2\/product"}],"about":[{"href":"https:\/\/evotek.md\/ro\/wp-json\/wp\/v2\/types\/product"}],"wp:featuredmedia":[{"embeddable":true,"href":"https:\/\/evotek.md\/ro\/wp-json\/wp\/v2\/media\/25672"}],"wp:attachment":[{"href":"https:\/\/evotek.md\/ro\/wp-json\/wp\/v2\/media?parent=25673"}],"curies":[{"name":"wp","href":"https:\/\/api.w.org\/{rel}","templated":true}]}}