{"id":25668,"date":"2021-10-07T10:48:52","date_gmt":"2021-10-07T10:48:52","guid":{"rendered":"https:\/\/evotek.md\/?post_type=product&#038;p=25668"},"modified":"2021-10-07T10:48:52","modified_gmt":"2021-10-07T10:48:52","slug":"shaker-pentru-coktail-uri-05-l-st-476051","status":"publish","type":"product","link":"https:\/\/evotek.md\/ro\/produse\/accesorii-si-inventar-bucatarie\/accesorii-pentru-bar\/shaker-pentru-coktail-uri-05-l-st-476051\/","title":{"rendered":"SHAKER PENTRU COKTAIL-URI\u00a0 0,5 l -ST-476051"},"content":{"rendered":"<p><strong>SHAKER PENTRU COKTAIL-URI\u00a0 0,5 l -ST-476051- <\/strong>un shaker pentru amestecarea cocktailurilor, format dintr-un pahar \u00eenalt, conceput pentru prepararea b\u0103uturilor alcoolice \u0219i nealcoolice \u00een baruri. Shaker-ul v\u0103 permite s\u0103 g\u0103ti\u021bi corect produsul amestec\u00e2nd bine ingredientele.<\/p>\n<p>Caracteristici<\/p>\n<p>Volum: 0,5 l<br \/>\nMaterial din o\u021bel inoxidabil<\/p>\n","protected":false},"excerpt":{"rendered":"<p>Shaker pentru cocktail-uri cu capac. Volum: 0,5 l; Material din o\u021bel inoxidabil.<\/p>\n","protected":false},"featured_media":25656,"template":"","meta":[],"_links":{"self":[{"href":"https:\/\/evotek.md\/ro\/wp-json\/wp\/v2\/product\/25668"}],"collection":[{"href":"https:\/\/evotek.md\/ro\/wp-json\/wp\/v2\/product"}],"about":[{"href":"https:\/\/evotek.md\/ro\/wp-json\/wp\/v2\/types\/product"}],"wp:featuredmedia":[{"embeddable":true,"href":"https:\/\/evotek.md\/ro\/wp-json\/wp\/v2\/media\/25656"}],"wp:attachment":[{"href":"https:\/\/evotek.md\/ro\/wp-json\/wp\/v2\/media?parent=25668"}],"curies":[{"name":"wp","href":"https:\/\/api.w.org\/{rel}","templated":true}]}}