{"id":25665,"date":"2021-10-07T10:35:40","date_gmt":"2021-10-07T10:35:40","guid":{"rendered":"https:\/\/evotek.md\/?post_type=product&#038;p=25665"},"modified":"2021-10-07T10:35:40","modified_gmt":"2021-10-07T10:35:40","slug":"shaker-pentru-coktail-uri-boston-0-9-l-st-476001","status":"publish","type":"product","link":"https:\/\/evotek.md\/ro\/produse\/accesorii-si-inventar-bucatarie\/accesorii-pentru-bar\/shaker-pentru-coktail-uri-boston-0-9-l-st-476001\/","title":{"rendered":"SHAKER PENTRU COKTAIL-URI Boston 0.9 L -ST-476001"},"content":{"rendered":"<p><strong>SHAKER PENTRU COKTAIL-URI Boston 0.9 L -ST-476001-<\/strong>\u00a0un shaker pentru amestecarea cocktailurilor, format dintr-un pahar \u00eenalt, conceput pentru prepararea b\u0103uturilor alcoolice \u0219i nealcoolice \u00een baruri. Shaker-ul v\u0103 permite s\u0103 g\u0103ti\u021bi corect produsul amestec\u00e2nd bine ingredientele.<\/p>\n<p>Caracteristici<\/p>\n<p>\u00cen\u0103l\u021bime: 290 mm<br \/>\nDiametru: 90 mm<br \/>\nMaterial: o\u021bel inoxidabil<br \/>\nVolum: 900 ml<br \/>\nCu un pahar<\/p>\n","protected":false},"excerpt":{"rendered":"<p>Shaker pentru cocktail-uri Boston. \u00cen\u0103l\u021bime: 290 mm; Diametru: 90 mm; Material: o\u021bel inoxidabil; Volum: 900 ml; Cu un pahar.<\/p>\n","protected":false},"featured_media":25664,"template":"","meta":[],"_links":{"self":[{"href":"https:\/\/evotek.md\/ro\/wp-json\/wp\/v2\/product\/25665"}],"collection":[{"href":"https:\/\/evotek.md\/ro\/wp-json\/wp\/v2\/product"}],"about":[{"href":"https:\/\/evotek.md\/ro\/wp-json\/wp\/v2\/types\/product"}],"wp:featuredmedia":[{"embeddable":true,"href":"https:\/\/evotek.md\/ro\/wp-json\/wp\/v2\/media\/25664"}],"wp:attachment":[{"href":"https:\/\/evotek.md\/ro\/wp-json\/wp\/v2\/media?parent=25665"}],"curies":[{"name":"wp","href":"https:\/\/api.w.org\/{rel}","templated":true}]}}