{"id":25652,"date":"2021-10-07T09:03:44","date_gmt":"2021-10-07T09:03:44","guid":{"rendered":"https:\/\/evotek.md\/?post_type=product&#038;p=25652"},"modified":"2021-10-07T09:28:30","modified_gmt":"2021-10-07T09:28:30","slug":"shaker-orange-boston-0-9-l-st-476002","status":"publish","type":"product","link":"https:\/\/evotek.md\/ro\/produse\/accesorii-si-inventar-bucatarie\/accesorii-pentru-bar\/shaker-orange-boston-0-9-l-st-476002\/","title":{"rendered":"SHAKER ORANGE Boston 0.9 L -ST-476002"},"content":{"rendered":"<p><strong>SHAKER ORANGE Boston 0.9 L -ST-476002-<\/strong> un shaker pentru amestecarea cocktailurilor, format dintr-un pahar \u00eenalt, conceput pentru prepararea b\u0103uturilor alcoolice \u0219i nealcoolice \u00een baruri. Shaker-ul v\u0103 permite s\u0103 g\u0103ti\u021bi corect produsul amestec\u00e2nd bine ingredientele.<\/p>\n<p>Caracteristici<\/p>\n<p>Diametru: 90 mm<br \/>\nVolum: 0,9 l<br \/>\n\u00cen\u0103l\u021bime: 180 mm<br \/>\nCuloare orange<br \/>\nMaterial din o\u021bel inoxidabil<\/p>\n","protected":false},"excerpt":{"rendered":"<p>Shaker pentru cocktail-uri, orange. Diametru: 90 mm; Volum: 0,9 l; \u00cen\u0103l\u021bime: 180 mm; Culoare orange; Material din o\u021bel inoxidabil.<\/p>\n","protected":false},"featured_media":25651,"template":"","meta":[],"_links":{"self":[{"href":"https:\/\/evotek.md\/ro\/wp-json\/wp\/v2\/product\/25652"}],"collection":[{"href":"https:\/\/evotek.md\/ro\/wp-json\/wp\/v2\/product"}],"about":[{"href":"https:\/\/evotek.md\/ro\/wp-json\/wp\/v2\/types\/product"}],"wp:featuredmedia":[{"embeddable":true,"href":"https:\/\/evotek.md\/ro\/wp-json\/wp\/v2\/media\/25651"}],"wp:attachment":[{"href":"https:\/\/evotek.md\/ro\/wp-json\/wp\/v2\/media?parent=25652"}],"curies":[{"name":"wp","href":"https:\/\/api.w.org\/{rel}","templated":true}]}}