{"id":25645,"date":"2021-10-07T08:31:28","date_gmt":"2021-10-07T08:31:28","guid":{"rendered":"https:\/\/evotek.md\/?post_type=product&#038;p=25645"},"modified":"2021-10-07T08:31:28","modified_gmt":"2021-10-07T08:31:28","slug":"jigger-20-40-ml-st-474301","status":"publish","type":"product","link":"https:\/\/evotek.md\/ro\/produse\/accesorii-si-inventar-bucatarie\/accesorii-pentru-bar\/jigger-20-40-ml-st-474301\/","title":{"rendered":"JIGGER 20\/40 ml -ST-474301"},"content":{"rendered":"<p><strong>JIGGER 20\/40 ml -ST-474301- <\/strong>Un jigger pentru bar este o cea\u0219c\u0103 mic\u0103 de m\u0103surare cu o form\u0103 asem\u0103n\u0103toare clepsidrei. Acest instrument este indispensabil \u00een activitatea unui barman, este conceput pentru a controla cantitatea unui anumit ingredient lichid dintr-un cocktail.<\/p>\n<p>Jigger 20\/40 ml<\/p>\n","protected":false},"excerpt":{"rendered":"<p>Jigger 20\/40 ml<\/p>\n","protected":false},"featured_media":25644,"template":"","meta":[],"_links":{"self":[{"href":"https:\/\/evotek.md\/ro\/wp-json\/wp\/v2\/product\/25645"}],"collection":[{"href":"https:\/\/evotek.md\/ro\/wp-json\/wp\/v2\/product"}],"about":[{"href":"https:\/\/evotek.md\/ro\/wp-json\/wp\/v2\/types\/product"}],"wp:featuredmedia":[{"embeddable":true,"href":"https:\/\/evotek.md\/ro\/wp-json\/wp\/v2\/media\/25644"}],"wp:attachment":[{"href":"https:\/\/evotek.md\/ro\/wp-json\/wp\/v2\/media?parent=25645"}],"curies":[{"name":"wp","href":"https:\/\/api.w.org\/{rel}","templated":true}]}}