{"id":25641,"date":"2021-10-07T08:20:56","date_gmt":"2021-10-07T08:20:56","guid":{"rendered":"https:\/\/evotek.md\/?post_type=product&#038;p=25641"},"modified":"2021-10-07T08:20:56","modified_gmt":"2021-10-07T08:20:56","slug":"jigger-25-50-ml-st-474302","status":"publish","type":"product","link":"https:\/\/evotek.md\/ro\/produse\/accesorii-si-inventar-bucatarie\/accesorii-pentru-bar\/jigger-25-50-ml-st-474302\/","title":{"rendered":"JIGGER 25\/50 ml -ST-474302"},"content":{"rendered":"<p><strong>JIGGER 25\/50 ml -ST-474302- <\/strong>Un jigger pentru bar este o cea\u0219c\u0103 mic\u0103 de m\u0103surare cu o form\u0103 asem\u0103n\u0103toare clepsidrei. Acest instrument este indispensabil \u00een activitatea unui barman, este conceput pentru a controla cantitatea unui anumit ingredient lichid dintr-un cocktail.<\/p>\n<p>Jigger 25\/50 ml<\/p>\n","protected":false},"excerpt":{"rendered":"<p>Jigger 25\/50 ml<\/p>\n","protected":false},"featured_media":25640,"template":"","meta":[],"_links":{"self":[{"href":"https:\/\/evotek.md\/ro\/wp-json\/wp\/v2\/product\/25641"}],"collection":[{"href":"https:\/\/evotek.md\/ro\/wp-json\/wp\/v2\/product"}],"about":[{"href":"https:\/\/evotek.md\/ro\/wp-json\/wp\/v2\/types\/product"}],"wp:featuredmedia":[{"embeddable":true,"href":"https:\/\/evotek.md\/ro\/wp-json\/wp\/v2\/media\/25640"}],"wp:attachment":[{"href":"https:\/\/evotek.md\/ro\/wp-json\/wp\/v2\/media?parent=25641"}],"curies":[{"name":"wp","href":"https:\/\/api.w.org\/{rel}","templated":true}]}}