{"id":2561,"date":"2020-02-19T16:11:28","date_gmt":"2020-02-19T16:11:28","guid":{"rendered":"https:\/\/evotek.md\/?post_type=product&#038;p=2561"},"modified":"2021-06-18T13:18:09","modified_gmt":"2021-06-18T13:18:09","slug":"cuptor-cu-abur-mkf-711-ts","status":"publish","type":"product","link":"https:\/\/evotek.md\/ro\/produse\/echipamente-termice\/cuptoare-cu-abur-2-teplovoe-oborudovanie\/cuptor-cu-abur-mkf-711-ts\/","title":{"rendered":"CUPTOR CU ABUR, 7 NIVELE -MKF 711 TS"},"content":{"rendered":"<p><strong>CUPTOR CU ABUR, 7 NIVELE<\/strong>\u00a0&#8211;<strong>MKF 711 TS<\/strong> &#8211; Cuptorul este conceput pentru prepararea unei game largi de feluri de m\u00e2ncare: carne, pe\u0219te, fructe de mare, legume, garnituri \u0219i produse coapte, \u00een unit\u0103\u021bile de alimenta\u021bie public\u0103 \u0219i \u00een magazinele de produc\u021bie, a c\u0103ror activitate este asociat\u0103 cu produc\u021bia de produse gastronomice. Aparatul permite preg\u0103tirea simultan\u0103 a mai multor feluri de m\u00e2ncare, f\u0103r\u0103 a le amesteca mirosurile \u0219i gusturile.<\/p>\n<p>Dispozitivul este echipat cu un ecran tactil cu posibilitatea de control \u00een 42 de limbi, inclusiv rus\u0103. Pachetul include o sond\u0103 de temperatur\u0103 \u00een mai multe puncte, un sistem de sp\u0103lare auto \u0219i controlere deta\u0219abile din inox.<\/p>\n<p>Caracteristici: 500 de re\u021bete programabile, inclusiv 40 de presetate (p\u00e2n\u0103 la 10 etape de g\u0103tit \u00eentr-un ciclu); Buton pentru acces rapid la re\u021bete frecvente; Gestionarea accesoriilor de la panoul de control; Func\u021bia aburire cu control automat al umidit\u0103\u021bii; Func\u021bia \u201ePornire cu \u00eent\u00e2rziere\u201d p\u00e2n\u0103 la 24 de ore; Coacerea pe mai multe niveluri; Portul USB v\u0103 permite s\u0103 desc\u0103rca\u021bi \u0219i s\u0103 \u00eenc\u0103rca\u021bi re\u021bete \u00een vaporizatorul combi, precum \u0219i s\u0103 desc\u0103rca\u021bi datele HACCP; Posibilitatea de a v\u0103 conecta la o re\u021bea Wi-Fi; Camer\u0103 din o\u021bel inoxidabil AISI 304 10\/10 mm cu fundul turnat \u0219i col\u021buri rotunjite pentru o mai bun\u0103 circula\u021bie termic\u0103 \u0219i u\u0219urin\u021b\u0103 de cur\u0103\u021bare; U\u0219\u0103 cu geam termoreflector, m\u00e2ner cu blocare rotativ\u0103 \u0219i mecanism de blocare \u00een pozi\u021bii deschise 60, 90, 120, 180 \u00b0; Picioare reglabile; Nivel de protec\u021bie: IPX5.<\/p>\n<p><strong>*Pentru a beneficia de garan\u021bie este obligatoriu de a fi instalat filtru DVA pentru acest echipament.<\/strong><\/p>\n<p>Caracteristici<\/p>\n<p>Conexiune: 380 V<\/p>\n<p>Num\u0103r de nivele: 7<\/p>\n<p>Distan\u021ba dintre nivele: 68 mm<\/p>\n<p>Tipul recipientului gastronomic: GN 1\/1<\/p>\n<p>Panou de control: electronic<\/p>\n<p>Metoda de generare a aburilor: injector<\/p>\n<p>Stare de temperatur\u0103: de la 30 la 270 \u00b0 \u0421<\/p>\n<p>Putere: 11,4 kW<\/p>\n<p>Parametri: 730x849x850 mm<\/p>\n<p>Greutate: 96 kg<\/p>\n<p>\u021aara de origine: Italia<\/p>\n<p>&nbsp;<\/p>\n","protected":false},"excerpt":{"rendered":"<p>Cuptor cu abuc cu 7 nivele. Conexiune: 380 V; Distan\u021ba dintre niveluri: 68 mm; Tipul recipientului gastronomic: GN 1\/1; Panou de control: electronic; Metoda de generare a aburilor: injector; Stare de temperatur\u0103: de la 30 la 270 \u00b0 \u0421; Putere: 11,4 kW; Parametri: 730x849x850 mm; Greutate: 96 kg; \u021aara de origine: Italia.<\/p>\n<p><strong>*T\u0103vile GN \u0219i t\u0103vile pentru patiserie nu sunt incluse \u00een set.<\/strong><br \/>\n<strong>*Recomand\u0103m instalarea adi\u021bional\u0103 a unui filtru DVA pentru o bun\u0103 func\u021bionare a cuptorului.<\/strong><\/p>\n","protected":false},"featured_media":2579,"template":"","meta":[],"_links":{"self":[{"href":"https:\/\/evotek.md\/ro\/wp-json\/wp\/v2\/product\/2561"}],"collection":[{"href":"https:\/\/evotek.md\/ro\/wp-json\/wp\/v2\/product"}],"about":[{"href":"https:\/\/evotek.md\/ro\/wp-json\/wp\/v2\/types\/product"}],"wp:featuredmedia":[{"embeddable":true,"href":"https:\/\/evotek.md\/ro\/wp-json\/wp\/v2\/media\/2579"}],"wp:attachment":[{"href":"https:\/\/evotek.md\/ro\/wp-json\/wp\/v2\/media?parent=2561"}],"curies":[{"name":"wp","href":"https:\/\/api.w.org\/{rel}","templated":true}]}}