{"id":25559,"date":"2021-09-28T11:40:43","date_gmt":"2021-09-28T11:40:43","guid":{"rendered":"https:\/\/evotek.md\/?post_type=product&#038;p=25559"},"modified":"2021-09-28T11:40:43","modified_gmt":"2021-09-28T11:40:43","slug":"lada-frigorifica-pentru-congelare-300-400-l-st-883312","status":"publish","type":"product","link":"https:\/\/evotek.md\/ro\/produse\/echipamente-frigorifice\/lada-frigorifica-pentru-congelare\/lada-frigorifica-pentru-congelare-300-400-l-st-883312\/","title":{"rendered":"LAD\u0102 FRIGORIFIC\u0102 PENTRU CONGELARE 300-400 L -ST-883312"},"content":{"rendered":"<p><strong>LAD\u0102 FRIGORIFIC\u0102 PENTRU CONGELARE 300-400 L -ST-883312<\/strong>&#8211; Lad\u0103 congelator cu capac, sunt utilizate \u00een magazine, buc\u0103t\u0103rii, restaurante, baruri, cafenele, unit\u0103\u021bi de alimenta\u021bie public\u0103. Capacul articulat robust este construit pentru a rezista utiliz\u0103rilor grele. Ideal pentru depozitarea alimentelor pe termen lung.<\/p>\n<p>Caracteristici<\/p>\n<p>Dimensiuni: 1191x670x842 mm<br \/>\nAd\u00e2ncime: 60-70 cm<br \/>\nLungime: 100-120 cm<br \/>\nNum\u0103r de co\u0219uri: 2 buc<br \/>\nDimensiuni interne: 105&#215;470<br \/>\nVolumul camerei: 300-400 l<br \/>\nCarcas\u0103 realizat\u0103 din tabl\u0103 de o\u021bel acoperit\u0103 cu pulbere alb\u0103<\/p>\n","protected":false},"excerpt":{"rendered":"<p>Lad\u0103 frigorific\u0103 pentru congelare. Dimensiuni: 1191x670x842 mm; Ad\u00e2ncime: 60-70 cm; Lungime: 100-120 cm; Num\u0103r de co\u0219uri: 2 buc; Dimensiuni interne: 105&#215;470; Volumul camerei: 300-400 l; Carcas\u0103 realizat\u0103 din tabl\u0103 de o\u021bel acoperit\u0103 cu pulbere alb\u0103.<\/p>\n","protected":false},"featured_media":25558,"template":"","meta":[],"_links":{"self":[{"href":"https:\/\/evotek.md\/ro\/wp-json\/wp\/v2\/product\/25559"}],"collection":[{"href":"https:\/\/evotek.md\/ro\/wp-json\/wp\/v2\/product"}],"about":[{"href":"https:\/\/evotek.md\/ro\/wp-json\/wp\/v2\/types\/product"}],"wp:featuredmedia":[{"embeddable":true,"href":"https:\/\/evotek.md\/ro\/wp-json\/wp\/v2\/media\/25558"}],"wp:attachment":[{"href":"https:\/\/evotek.md\/ro\/wp-json\/wp\/v2\/media?parent=25559"}],"curies":[{"name":"wp","href":"https:\/\/api.w.org\/{rel}","templated":true}]}}