{"id":25554,"date":"2021-09-28T10:26:20","date_gmt":"2021-09-28T10:26:20","guid":{"rendered":"https:\/\/evotek.md\/?post_type=product&#038;p=25554"},"modified":"2021-09-28T10:26:58","modified_gmt":"2021-09-28T10:26:58","slug":"tava-emailata-gn-1-1-h-20-mm-st-101021","status":"publish","type":"product","link":"https:\/\/evotek.md\/ro\/produse\/accesorii-si-inventar-bucatarie\/tave-si-accesorii-pentru-cuptoare\/tava-emailata-gn-1-1-h-20-mm-st-101021\/","title":{"rendered":"TAV\u0102 EMAILAT\u0102 GN 1\/1, H 20 mm -ST-101021"},"content":{"rendered":"<p><strong>TAV\u0102 EMAILAT\u0102 GN 1\/1, H 20 mm -ST-101021-<\/strong> fabricat\u0103 din o\u021bel emailat pentru a preveni lipirea alimentelor, transmite bine c\u0103ldura.<\/p>\n<p>Caracteristici<br \/>\n\u00cen\u0103l\u021bime: 20 mm<br \/>\nAd\u00e2ncime: 325 mm<br \/>\nL\u0103\u021bime: 530 mm<br \/>\nCapacitate: 4,4 L<\/p>\n","protected":false},"excerpt":{"rendered":"<p>Tav\u0103 emailat\u0103. \u00cen\u0103l\u021bime: 20 mm; Ad\u00e2ncime: 325 mm; L\u0103\u021bime: 530 mm; Capacitate: 4,4 L.<\/p>\n","protected":false},"featured_media":25553,"template":"","meta":[],"_links":{"self":[{"href":"https:\/\/evotek.md\/ro\/wp-json\/wp\/v2\/product\/25554"}],"collection":[{"href":"https:\/\/evotek.md\/ro\/wp-json\/wp\/v2\/product"}],"about":[{"href":"https:\/\/evotek.md\/ro\/wp-json\/wp\/v2\/types\/product"}],"wp:featuredmedia":[{"embeddable":true,"href":"https:\/\/evotek.md\/ro\/wp-json\/wp\/v2\/media\/25553"}],"wp:attachment":[{"href":"https:\/\/evotek.md\/ro\/wp-json\/wp\/v2\/media?parent=25554"}],"curies":[{"name":"wp","href":"https:\/\/api.w.org\/{rel}","templated":true}]}}