{"id":25545,"date":"2021-09-28T08:41:25","date_gmt":"2021-09-28T08:51:38","guid":{"rendered":"https:\/\/evotek.md\/?post_type=product&#038;p=25545"},"modified":"2023-07-25T07:29:46","modified_gmt":"2023-07-25T07:29:46","slug":"tava-de-copt-din-aluminiu-st-911102","status":"publish","type":"product","link":"https:\/\/evotek.md\/ro\/produse\/accesorii-si-inventar-bucatarie\/tave-si-accesorii-pentru-cuptoare\/tava-de-copt-din-aluminiu-st-911102\/","title":{"rendered":"TAV\u0102 DE COPT DIN ALUMINIU 60&#215;40 cm -ST-911102"},"content":{"rendered":"<p><strong>TAV\u0102 DE COPT DIN ALUMINIU 60&#215;40 cm -ST-911102-<\/strong> Tav\u0103 de copt pentru produse de patiserie utilizate \u00een gastronomie. \u00cen func\u021bie de necesit\u0103\u021bi, acestea sunt folosite \u00een timpul coacerii \u0219i pr\u0103jirii \u00een cuptoare, cuptoare cu convec\u021bie, role sau dispozitive de r\u0103cire (de exemplu, frigidere \/ congelatoare \u0219i mese frigorifice).<\/p>\n<p>Caracteristici<\/p>\n<p>Dimensiuni: 60&#215;40 cm<br \/>\nGrosimea tavei: 2 mm<\/p>\n","protected":false},"excerpt":{"rendered":"<p>Tav\u0103 de copt din aluminiu, pentru produse de patiserie. Dimensiuni: 60&#215;40 cm; Grosimea tavei: 2 mm.<\/p>\n","protected":false},"featured_media":38251,"template":"","meta":[],"_links":{"self":[{"href":"https:\/\/evotek.md\/ro\/wp-json\/wp\/v2\/product\/25545"}],"collection":[{"href":"https:\/\/evotek.md\/ro\/wp-json\/wp\/v2\/product"}],"about":[{"href":"https:\/\/evotek.md\/ro\/wp-json\/wp\/v2\/types\/product"}],"wp:featuredmedia":[{"embeddable":true,"href":"https:\/\/evotek.md\/ro\/wp-json\/wp\/v2\/media\/38251"}],"wp:attachment":[{"href":"https:\/\/evotek.md\/ro\/wp-json\/wp\/v2\/media?parent=25545"}],"curies":[{"name":"wp","href":"https:\/\/api.w.org\/{rel}","templated":true}]}}