{"id":25540,"date":"2021-09-28T08:08:39","date_gmt":"2021-09-28T08:08:39","guid":{"rendered":"https:\/\/evotek.md\/?post_type=product&#038;p=25540"},"modified":"2021-09-28T08:08:39","modified_gmt":"2021-09-28T08:08:39","slug":"suport-pentru-6-capace-st-019001","status":"publish","type":"product","link":"https:\/\/evotek.md\/ro\/produse\/accesorii-si-inventar-bucatarie\/cratite-si-tigai\/suport-pentru-6-capace-st-019001\/","title":{"rendered":"SUPORT PENTRU 6 CAPACE -ST-019001"},"content":{"rendered":"<p><strong>SUPORT PENTRU 6 CAPACE -ST-019001-<\/strong> Suport pentru 6 capace din o\u021bel inoxidabil, ajut\u0103 la p\u0103strarea corect\u0103 a capacelor cu diametrul maxim de 230 mm.<\/p>\n<p>Caracteristici<br \/>\n\u00cen\u0103l\u021bime: 520 mm<br \/>\nAd\u00e2ncime: 70 mm<br \/>\nL\u0103\u021bime: 320 mm<br \/>\nMaterial: o\u021bel inoxidabil<br \/>\nDiametrul maxim al capacului: 320 mm<\/p>\n","protected":false},"excerpt":{"rendered":"<p>Suport pentru 6 capace. \u00cen\u0103l\u021bime: 520 mm; Ad\u00e2ncime: 70 mm; L\u0103\u021bime: 320 mm; Material: o\u021bel inoxidabil; Diametrul maxim al capacului: 320 mm.<\/p>\n","protected":false},"featured_media":25538,"template":"","meta":[],"_links":{"self":[{"href":"https:\/\/evotek.md\/ro\/wp-json\/wp\/v2\/product\/25540"}],"collection":[{"href":"https:\/\/evotek.md\/ro\/wp-json\/wp\/v2\/product"}],"about":[{"href":"https:\/\/evotek.md\/ro\/wp-json\/wp\/v2\/types\/product"}],"wp:featuredmedia":[{"embeddable":true,"href":"https:\/\/evotek.md\/ro\/wp-json\/wp\/v2\/media\/25538"}],"wp:attachment":[{"href":"https:\/\/evotek.md\/ro\/wp-json\/wp\/v2\/media?parent=25540"}],"curies":[{"name":"wp","href":"https:\/\/api.w.org\/{rel}","templated":true}]}}