{"id":25534,"date":"2021-09-27T14:57:32","date_gmt":"2021-09-27T14:57:32","guid":{"rendered":"https:\/\/evotek.md\/?post_type=product&#038;p=25534"},"modified":"2021-09-27T14:57:32","modified_gmt":"2021-09-27T14:57:32","slug":"spatula-perforata-18-10-315-mm-st-420042","status":"publish","type":"product","link":"https:\/\/evotek.md\/ro\/produse\/accesorii-si-inventar-bucatarie\/spatula\/spatula-perforata-18-10-315-mm-st-420042\/","title":{"rendered":"SPATUL\u0102 PERFORAT\u0102 18\/10 315 mm -ST-420042"},"content":{"rendered":"<p><strong>SPATUL\u0102 PERFORAT\u0102 18\/10 315 mm -ST-420042-<\/strong> Acesta este un instrument indispensabil at\u00e2t pentru buc\u0103t\u0103ria profesional\u0103, c\u00e2t \u0219i pentru cea de acas\u0103.<\/p>\n<p>Caracteristici<br \/>\nGrosimea m\u00e2nerului: 2,7 mm<br \/>\nL\u0103\u021bime: 75 mm<br \/>\nLungime: 315 mm<br \/>\nMaterial: o\u021bel inoxidabil<\/p>\n","protected":false},"excerpt":{"rendered":"<p>Spatul\u0103 perforat\u0103 18\/10 315 mm. Grosimea m\u00e2nerului: 2,7 mm; L\u0103\u021bime: 75 mm; Lungime: 315 mm; Material: o\u021bel inoxidabil.<\/p>\n","protected":false},"featured_media":25533,"template":"","meta":[],"_links":{"self":[{"href":"https:\/\/evotek.md\/ro\/wp-json\/wp\/v2\/product\/25534"}],"collection":[{"href":"https:\/\/evotek.md\/ro\/wp-json\/wp\/v2\/product"}],"about":[{"href":"https:\/\/evotek.md\/ro\/wp-json\/wp\/v2\/types\/product"}],"wp:featuredmedia":[{"embeddable":true,"href":"https:\/\/evotek.md\/ro\/wp-json\/wp\/v2\/media\/25533"}],"wp:attachment":[{"href":"https:\/\/evotek.md\/ro\/wp-json\/wp\/v2\/media?parent=25534"}],"curies":[{"name":"wp","href":"https:\/\/api.w.org\/{rel}","templated":true}]}}