{"id":25522,"date":"2021-09-27T13:59:29","date_gmt":"2021-09-27T14:06:21","guid":{"rendered":"https:\/\/evotek.md\/?post_type=product&#038;p=25522"},"modified":"2023-04-18T08:32:51","modified_gmt":"2023-04-18T08:32:51","slug":"grill-contact-st-742018","status":"publish","type":"product","link":"https:\/\/evotek.md\/ro\/produse\/echipamente-pentru-fast-food\/grill-contact-panini-sandwich\/grill-contact-st-742018\/","title":{"rendered":"GRILL CONTACT ELECTRIC, RIFLAT -ST-742018"},"content":{"rendered":"<p><strong>GRILL CONTACT ELECTRIC, RIFLAT -ST-742018-<\/strong> Grill contact Caterina este un instrument profesional pentru prepararea alimentelor de cea mai \u00eenalt\u0103 calitate. Aparatul este echipat cu suprafe\u021be de lucru care sunt canelate pe ambele p\u0103r\u021bi pentru a asigura o distribu\u021bie perfect\u0103 a temperaturii \u00een timpul g\u0103titului.<\/p>\n<p>Puterea de \u00eenc\u0103lzire a suprafe\u021bei superioare este de 800 W, cea inferioar\u0103 este de 1000. Reglarea temperaturii dispozitivului atinge 300 \u00b0 C.<\/p>\n<p>Caracteristici<br \/>\nParametri: 310x360x200 mm<br \/>\nDimensiunile suprafe\u021bei de lucru inferioare: 225&#215;230 mm, superioare: 215&#215;215 mm<br \/>\nTensiune: 230 vol\u021bi<br \/>\nElectricitate: 1800 W<br \/>\nTemperatur\u0103 minim\u0103: 50 \u00b0C<br \/>\nTemperatura maxim\u0103 300 \u00b0\u0421<br \/>\nGreutate: 13 kg<\/p>\n","protected":false},"excerpt":{"rendered":"<p>Gril contact. Parametri: 310x360x200 mm; Dimensiunile suprafe\u021bei de lucru inferioare: 225&#215;230 mm, superioare: 215&#215;215 mm; Tensiune: 230 vol\u021bi; Electricitate: 1800 W; Temperatur\u0103 minim\u0103: 50 \u00b0C; Temperatura maxim\u0103 300 \u00b0\u0421; Greutate: 13 kg.<\/p>\n","protected":false},"featured_media":25528,"template":"","meta":[],"_links":{"self":[{"href":"https:\/\/evotek.md\/ro\/wp-json\/wp\/v2\/product\/25522"}],"collection":[{"href":"https:\/\/evotek.md\/ro\/wp-json\/wp\/v2\/product"}],"about":[{"href":"https:\/\/evotek.md\/ro\/wp-json\/wp\/v2\/types\/product"}],"wp:featuredmedia":[{"embeddable":true,"href":"https:\/\/evotek.md\/ro\/wp-json\/wp\/v2\/media\/25528"}],"wp:attachment":[{"href":"https:\/\/evotek.md\/ro\/wp-json\/wp\/v2\/media?parent=25522"}],"curies":[{"name":"wp","href":"https:\/\/api.w.org\/{rel}","templated":true}]}}