{"id":25519,"date":"2021-09-27T13:41:24","date_gmt":"2021-09-27T13:41:24","guid":{"rendered":"https:\/\/evotek.md\/?post_type=product&#038;p=25519"},"modified":"2021-09-27T13:41:24","modified_gmt":"2021-09-27T13:41:24","slug":"lada-frigorifica-pentru-congelare-466-l-st-883466","status":"publish","type":"product","link":"https:\/\/evotek.md\/ro\/produse\/echipamente-frigorifice\/lada-frigorifica-pentru-congelare\/lada-frigorifica-pentru-congelare-466-l-st-883466\/","title":{"rendered":"LAD\u0102 FRIGORIFIC\u0102 PENTRU CONGELARE 466 L -ST-883466"},"content":{"rendered":"<p><strong>LAD\u0102 FRIGORIFIC\u0102 PENTRU CONGELARE 466 L -ST-883466<\/strong>&#8211; Congelator cu capac din o\u021bel inoxidabil \u00eentr-un corp de tabl\u0103 acoperit\u0103 cu pulbere alb\u0103. Controler electronic cu indicare a temperaturii. Izola\u021bie groas\u0103 a pere\u021bilor.<\/p>\n<p>Caracteristici<br \/>\nVolum intern: 466 l<br \/>\nIntervalul de temperatur\u0103: -18 \u02da\u0421<br \/>\nSet de livrare: 1 co\u0219, 4 ro\u021bi cu fr\u00e2ne<br \/>\nPere\u021bi izola\u021bi gro\u0219i, dezghe\u021bare mecanic\u0103, iluminare<br \/>\nTensiune: 220 V<br \/>\nPutere: 0,25 kW<br \/>\nDimensiuni totale: 1480x701x830 mm<\/p>\n","protected":false},"excerpt":{"rendered":"<p>Lad\u0103 frigorific\u0103 pentru congelare. Volum intern: 466 l; Intervalul de temperatur\u0103: -18 \u02da\u0421; Set de livrare: 1 co\u0219, 4 ro\u021bi cu fr\u00e2ne; Pere\u021bi izola\u021bi gro\u0219i, dezghe\u021bare mecanic\u0103, iluminare; Tensiune: 220 V; Putere: 0,25 kW; Dimensiuni totale: 1480x701x830 mm.<\/p>\n","protected":false},"featured_media":25518,"template":"","meta":[],"_links":{"self":[{"href":"https:\/\/evotek.md\/ro\/wp-json\/wp\/v2\/product\/25519"}],"collection":[{"href":"https:\/\/evotek.md\/ro\/wp-json\/wp\/v2\/product"}],"about":[{"href":"https:\/\/evotek.md\/ro\/wp-json\/wp\/v2\/types\/product"}],"wp:featuredmedia":[{"embeddable":true,"href":"https:\/\/evotek.md\/ro\/wp-json\/wp\/v2\/media\/25518"}],"wp:attachment":[{"href":"https:\/\/evotek.md\/ro\/wp-json\/wp\/v2\/media?parent=25519"}],"curies":[{"name":"wp","href":"https:\/\/api.w.org\/{rel}","templated":true}]}}