{"id":25514,"date":"2021-09-27T13:22:31","date_gmt":"2021-09-27T13:22:31","guid":{"rendered":"https:\/\/evotek.md\/?post_type=product&#038;p=25514"},"modified":"2021-09-27T13:24:18","modified_gmt":"2021-09-27T13:24:18","slug":"dulap-frigorific-si-congelare-300-l-300-l-gn-2-1-st-840602","status":"publish","type":"product","link":"https:\/\/evotek.md\/ro\/produse\/echipamente-frigorifice\/dulap-frigorific-congelare\/dulap-frigorific-si-congelare-300-l-300-l-gn-2-1-st-840602\/","title":{"rendered":"DULAP FRIGORIFIC \u0218I CONGELARE 300 L + 300 L, GN 2\/1 -ST-840602"},"content":{"rendered":"<p><strong>DULAP FRIGORIFIC \u0218I CONGELARE 300 L + 300 L, GN 2\/1 -ST-840602-<\/strong> Dulap frigorific \u0219i congelator. Specifica\u021bii: controler electronic cu afi\u0219aj de temperatur\u0103; decongelare \/ decongelare automat\u0103; filtru de polen; grosimea peretelui 60 mm; 4 rafturi acoperite incluse; u\u0219\u0103 cu \u00eenchidere automat\u0103; carcasa exterioar\u0103 \u0219i camera de r\u0103cire din o\u021bel inoxidabil; 2 unitati: racire si congelare; 2 camere independente controlate: r\u0103cire \u0219i \u00eenghe\u021b; dimensiunile rafturilor LxD: 530&#215;650 mm; intervalul de temperatur\u0103 \u00een compartimentul frigider: -2 ~ +8, \u00een compartimentul congelator: -10 ~ -20.<\/p>\n<p>Caracteristici<br \/>\nCapacitate: p\u00e2n\u0103 la 800 l<br \/>\nTensiune: 230V<br \/>\nNum\u0103r de u\u0219i: 2 f\u0103r\u0103 sertare<br \/>\nTemperatura: -2-8 \u00b0 C \/ -10 -20<br \/>\nDimensiuni: 680x845x2000 mm<br \/>\nCapacitate: 300 + 300 L<br \/>\nPutere: 0,9 kW<br \/>\nIntervalul de temperatur\u0103: 0-8 \u00baC -18-0 \u00baC<\/p>\n","protected":false},"excerpt":{"rendered":"<p>Dulap frigorific \u0219i congelator. Capacitate: p\u00e2n\u0103 la 800 l; Tensiune: 230V; Num\u0103r de u\u0219i: 2 f\u0103r\u0103 sertare; Temperatura: -2-8 \u00b0 C \/ -10 -20; Dimensiuni: 680x845x2000 mm; Capacitate: 300 + 300 L; Putere: 0,9 kW; Intervalul de temperatur\u0103: 0-8 \u00baC -18-0 \u00baC.<\/p>\n","protected":false},"featured_media":25513,"template":"","meta":[],"_links":{"self":[{"href":"https:\/\/evotek.md\/ro\/wp-json\/wp\/v2\/product\/25514"}],"collection":[{"href":"https:\/\/evotek.md\/ro\/wp-json\/wp\/v2\/product"}],"about":[{"href":"https:\/\/evotek.md\/ro\/wp-json\/wp\/v2\/types\/product"}],"wp:featuredmedia":[{"embeddable":true,"href":"https:\/\/evotek.md\/ro\/wp-json\/wp\/v2\/media\/25513"}],"wp:attachment":[{"href":"https:\/\/evotek.md\/ro\/wp-json\/wp\/v2\/media?parent=25514"}],"curies":[{"name":"wp","href":"https:\/\/api.w.org\/{rel}","templated":true}]}}