{"id":25509,"date":"2021-09-27T12:36:23","date_gmt":"2021-09-27T12:36:23","guid":{"rendered":"https:\/\/evotek.md\/?post_type=product&#038;p=25509"},"modified":"2021-09-27T12:36:23","modified_gmt":"2021-09-27T12:36:23","slug":"cutit-de-bucatarie-maro-220-mm-st-281216","status":"publish","type":"product","link":"https:\/\/evotek.md\/ro\/produse\/accesorii-si-inventar-bucatarie\/cutite-bucatarie\/cutit-de-bucatarie-maro-220-mm-st-281216\/","title":{"rendered":"CU\u021aIT DE BUC\u0102T\u0102RIE MARO 220 mm -ST-281216"},"content":{"rendered":"<p><strong>CU\u021aIT DE BUC\u0102T\u0102RIE MARO 220 mm -ST-281216-<\/strong> Cu\u021bit de buc\u0103t\u0103rie profesional de calitate european\u0103 pentru hotele, restaurante, cafenele \u0219i baruri.<\/p>\n<p>Caracteristici<\/p>\n<p>Se poate sp\u0103la \u00een ma\u0219ina de sp\u0103lat vase<br \/>\nLama este din otel inoxidabil<br \/>\nLungime: 220 mm<\/p>\n","protected":false},"excerpt":{"rendered":"<p>Cu\u021bit de buc\u0103t\u0103rie. Se poate sp\u0103la \u00een ma\u0219ina de sp\u0103lat vase; Lama este din otel inoxidabil; Lungime: 220 mm.<\/p>\n","protected":false},"featured_media":25508,"template":"","meta":[],"_links":{"self":[{"href":"https:\/\/evotek.md\/ro\/wp-json\/wp\/v2\/product\/25509"}],"collection":[{"href":"https:\/\/evotek.md\/ro\/wp-json\/wp\/v2\/product"}],"about":[{"href":"https:\/\/evotek.md\/ro\/wp-json\/wp\/v2\/types\/product"}],"wp:featuredmedia":[{"embeddable":true,"href":"https:\/\/evotek.md\/ro\/wp-json\/wp\/v2\/media\/25508"}],"wp:attachment":[{"href":"https:\/\/evotek.md\/ro\/wp-json\/wp\/v2\/media?parent=25509"}],"curies":[{"name":"wp","href":"https:\/\/api.w.org\/{rel}","templated":true}]}}