{"id":25503,"date":"2021-09-27T12:01:33","date_gmt":"2021-09-27T12:01:33","guid":{"rendered":"https:\/\/evotek.md\/?post_type=product&#038;p=25503"},"modified":"2021-09-27T12:21:09","modified_gmt":"2021-09-27T12:21:09","slug":"cos-din-polipropilena-pentru-paine-st-361205","status":"publish","type":"product","link":"https:\/\/evotek.md\/ro\/produse\/accesorii-si-inventar-bucatarie\/cosuri-pentru-paine-kuhonii-inventari\/cos-din-polipropilena-pentru-paine-st-361205\/","title":{"rendered":"CO\u0218 DIN POLIPROPILEN\u0102 PENTRU P\u00c2INE -ST-361205"},"content":{"rendered":"<p><strong>CO\u0218 DIN POLIPROPILEN\u0102 <\/strong><strong>PENTRU P\u00c2INE <\/strong><strong>-ST-361205-<\/strong> Co\u0219 pentru copturi, utilizat \u00een restaurante \u0219i baruri. Fabricat\u0103 din polipropilen\u0103 durabil\u0103 de culoare maro deschis. Co\u0219urile pot fi sp\u0103late manual folosind detergen\u021bi obi\u0219nui\u021bi, dar pot fi sp\u0103late \u0219i \u00een ma\u0219ina de sp\u0103lat vase.<\/p>\n<p>Caracteristici<\/p>\n<p>Dimensiune: GN 2\/3 (354x325mm)<br \/>\n\u00cen\u0103l\u021bime: 325 mm<br \/>\nDiametru: 355 mm<br \/>\nVolum: 80 l<br \/>\nForm\u0103: dreptunghiular\u0103<\/p>\n","protected":false},"excerpt":{"rendered":"<p>Co\u0219 \u00eempletit pentru p\u00e2ine. Dimensiune: GN 2\/3 (354x325mm); \u00cen\u0103l\u021bime: 325 mm; Diametru: 355 mm; Volum: 80 l; Form\u0103: dreptunghiular\u0103.<\/p>\n","protected":false},"featured_media":25498,"template":"","meta":[],"_links":{"self":[{"href":"https:\/\/evotek.md\/ro\/wp-json\/wp\/v2\/product\/25503"}],"collection":[{"href":"https:\/\/evotek.md\/ro\/wp-json\/wp\/v2\/product"}],"about":[{"href":"https:\/\/evotek.md\/ro\/wp-json\/wp\/v2\/types\/product"}],"wp:featuredmedia":[{"embeddable":true,"href":"https:\/\/evotek.md\/ro\/wp-json\/wp\/v2\/media\/25498"}],"wp:attachment":[{"href":"https:\/\/evotek.md\/ro\/wp-json\/wp\/v2\/media?parent=25503"}],"curies":[{"name":"wp","href":"https:\/\/api.w.org\/{rel}","templated":true}]}}