{"id":25493,"date":"2021-09-27T11:02:30","date_gmt":"2021-09-27T11:02:30","guid":{"rendered":"https:\/\/evotek.md\/?post_type=product&#038;p=25493"},"modified":"2021-09-27T11:02:30","modified_gmt":"2021-09-27T11:02:30","slug":"carucir-pentru-transportare-14xgn-1-1-st-662111","status":"publish","type":"product","link":"https:\/\/evotek.md\/ro\/produse\/mobila-din-inox\/carucioare-pentru-transportare-si-depozitare\/carucir-pentru-transportare-14xgn-1-1-st-662111\/","title":{"rendered":"C\u0102RUCIR PENTRU TRANSPORTARE &#8211; 14xGN 1\/1 -ST-662111"},"content":{"rendered":"<p><strong>C\u0102RUCIR PENTRU TRANSPORTARE &#8211; 14xGN 1\/1 -ST-662111-<\/strong> este destinat unit\u0103\u021bilor de alimenta\u021bie public\u0103 \u0219i este folosit pentru a transporta vesela \u0219i ustensilele de buc\u0103t\u0103rie \u00een hotele, unit\u0103\u021bi de catering, precum \u0219i pentru a transporta vase murdare din hol c\u0103tre departamentul de sp\u0103lare.<\/p>\n<p>Caracteristici<\/p>\n<p>Transport\u0103 15 containere GN 1\/1 sau 30 de containere GN 1\/2<br \/>\nDistan\u021ba \u0219inei: 80 cm<br \/>\nDimensiuni (LxLxH): 380x550x1700 cm<\/p>\n","protected":false},"excerpt":{"rendered":"<p>C\u0103rucioare pentru transportare. Transport\u0103 15 containere GN 1\/1 sau 30 de containere GN 1\/2; Distan\u021ba \u0219inei: 80 cm; Dimensiuni (LxLxH): 380x550x1700 cm.<\/p>\n","protected":false},"featured_media":25492,"template":"","meta":[],"_links":{"self":[{"href":"https:\/\/evotek.md\/ro\/wp-json\/wp\/v2\/product\/25493"}],"collection":[{"href":"https:\/\/evotek.md\/ro\/wp-json\/wp\/v2\/product"}],"about":[{"href":"https:\/\/evotek.md\/ro\/wp-json\/wp\/v2\/types\/product"}],"wp:featuredmedia":[{"embeddable":true,"href":"https:\/\/evotek.md\/ro\/wp-json\/wp\/v2\/media\/25492"}],"wp:attachment":[{"href":"https:\/\/evotek.md\/ro\/wp-json\/wp\/v2\/media?parent=25493"}],"curies":[{"name":"wp","href":"https:\/\/api.w.org\/{rel}","templated":true}]}}