{"id":25482,"date":"2021-09-24T12:17:06","date_gmt":"2021-09-24T12:17:06","guid":{"rendered":"https:\/\/evotek.md\/?post_type=product&#038;p=25482"},"modified":"2021-09-24T12:17:06","modified_gmt":"2021-09-24T12:17:06","slug":"spatula-rotunda-din-lemn-pentru-clatite-st-772289","status":"publish","type":"product","link":"https:\/\/evotek.md\/ro\/produse\/accesorii-si-inventar-bucatarie\/spatula\/spatula-rotunda-din-lemn-pentru-clatite-st-772289\/","title":{"rendered":"SPATUL\u0102 ROTUND\u0102 DIN LEMN PENTRU CL\u0102TITE -ST-772289"},"content":{"rendered":"<p><strong>SPATUL\u0102 ROTUND\u0102 DIN LEMN PENTRU CL\u0102TITE -ST-772289-<\/strong> Spatul\u0103 rotund\u0103 din lemn pentru cl\u0103tite.<\/p>\n<p>L\u0103\u021bime: 180mm<br \/>\nAd\u00e2ncime: 180mm<\/p>\n","protected":false},"excerpt":{"rendered":"<p>Spatul\u0103 rotund\u0103 din lemn pentru cl\u0103tite. L\u0103\u021bime: 180 mm; Ad\u00e2ncime: 180 mm.<\/p>\n","protected":false},"featured_media":25481,"template":"","meta":[],"_links":{"self":[{"href":"https:\/\/evotek.md\/ro\/wp-json\/wp\/v2\/product\/25482"}],"collection":[{"href":"https:\/\/evotek.md\/ro\/wp-json\/wp\/v2\/product"}],"about":[{"href":"https:\/\/evotek.md\/ro\/wp-json\/wp\/v2\/types\/product"}],"wp:featuredmedia":[{"embeddable":true,"href":"https:\/\/evotek.md\/ro\/wp-json\/wp\/v2\/media\/25481"}],"wp:attachment":[{"href":"https:\/\/evotek.md\/ro\/wp-json\/wp\/v2\/media?parent=25482"}],"curies":[{"name":"wp","href":"https:\/\/api.w.org\/{rel}","templated":true}]}}