{"id":25467,"date":"2021-09-24T11:28:00","date_gmt":"2021-09-24T11:31:41","guid":{"rendered":"https:\/\/evotek.md\/?post_type=product&#038;p=25467"},"modified":"2023-03-03T15:47:22","modified_gmt":"2023-03-03T15:47:22","slug":"masa-frigorifica-incorporata-3-usi-400-l-cu-ventilator-emp-200-60-01","status":"publish","type":"product","link":"https:\/\/evotek.md\/ro\/produse\/echipamente-frigorifice\/masa-frigider\/masa-frigorifica-incorporata-3-usi-400-l-cu-ventilator-emp-200-60-01\/","title":{"rendered":"MASA FRIGORIFICA CU BORDUR LA PERETE, 3 USI, 400 LITRI -EMP.200.60.01"},"content":{"rendered":"<p><strong>MASA FRIGORIFICA CU BORDUR LA PERETE, 3 USI, 400 LITRI -EMP.200.60.01-<\/strong> Mas\u0103 frigorific\u0103 cu afi\u0219aj digital cu control al temperaturii \u0219i decongelare. Caracteristici: R\u0103cire cu ventilator; Evaporarea automat\u0103 a apei la dezghe\u021bare; Izola\u021bie din poliuretan \u201csigur pentru ozon\u201d, cu grosimea de 48 mm; U\u0219i cu \u00eenchidere automat\u0103 fixe la un unghi de 45 de grade; Evaporator cu panou de aluminiu \u0219i tub de cupru; Sloturi reglabile din o\u021bel inoxidabil, rafturi din plastic; Corp din o\u021bel inoxidabil.<\/p>\n<p>Caracteristici<\/p>\n<p>Dimensiune: 2000x600x850 mm<br \/>\nGreutate: 135 kg<br \/>\nPutere: 0,16 kW<br \/>\nVolum: 1 m3<br \/>\nCapacitate: 400 litri<br \/>\nDomeniu de lucru: 0 \/ + 5 \u00baC (tropical 43 \u00baC)<br \/>\nAlimentare: 220-230V -1 + N 50-60 Hz<br \/>\nAgent frigorific \u201cf\u0103r\u0103 CFC\u201d R-134 \u0410<br \/>\nDensitate: 40 kg \/ m\u00b3<\/p>\n","protected":false},"excerpt":{"rendered":"<p>Mas\u0103 frigorific\u0103 \u00eencorporat\u0103, 3 u\u0219i, 400 litri. Dimensiune: 2000x600x850 mm; Greutate: 135 kg; Putere: 0,16 kW; Volum: 1 m3; Capacitate: 400 litri; Domeniu de lucru: 0 \/ + 5 \u00baC (tropical 43 \u00baC); Alimentare: 220-230V -1 + N 50-60 Hz; Agent frigorific \u201cf\u0103r\u0103 CFC\u201d R-134 \u0410; Densitate: 40 kg \/ m\u00b3.<\/p>\n","protected":false},"featured_media":25466,"template":"","meta":[],"_links":{"self":[{"href":"https:\/\/evotek.md\/ro\/wp-json\/wp\/v2\/product\/25467"}],"collection":[{"href":"https:\/\/evotek.md\/ro\/wp-json\/wp\/v2\/product"}],"about":[{"href":"https:\/\/evotek.md\/ro\/wp-json\/wp\/v2\/types\/product"}],"wp:featuredmedia":[{"embeddable":true,"href":"https:\/\/evotek.md\/ro\/wp-json\/wp\/v2\/media\/25466"}],"wp:attachment":[{"href":"https:\/\/evotek.md\/ro\/wp-json\/wp\/v2\/media?parent=25467"}],"curies":[{"name":"wp","href":"https:\/\/api.w.org\/{rel}","templated":true}]}}