{"id":25459,"date":"2021-09-24T11:00:30","date_gmt":"2021-09-24T11:06:12","guid":{"rendered":"https:\/\/evotek.md\/?post_type=product&#038;p=25459"},"modified":"2023-03-03T15:45:26","modified_gmt":"2023-03-03T15:45:26","slug":"masa-frigorifica-incorporata-2-usi-250-l-cu-ventilator-emp-150-60-01","status":"publish","type":"product","link":"https:\/\/evotek.md\/ro\/produse\/echipamente-frigorifice\/masa-frigider\/masa-frigorifica-incorporata-2-usi-250-l-cu-ventilator-emp-150-60-01\/","title":{"rendered":"MASA FRIGORIFICA CU BORDUR LA PERETE, 2 USI, 250 LITRI -EMP.150.60.01"},"content":{"rendered":"<p><strong>MASA FRIGORIFICA CU BORDUR LA PERETE, 2 USI, 250 LITRI -EMP.150.60.01-<\/strong> Mas\u0103 frigorific\u0103 cu afi\u0219aj digital cu control al temperaturii \u0219i decongelare. Caracteristici: R\u0103cire cu ventilator; Evaporarea automat\u0103 a apei la dezghe\u021bare; Izola\u021bie din poliuretan \u201csigur pentru ozon\u201d, cu grosimea de 48 mm; U\u0219i cu \u00eenchidere automat\u0103 fixe la un unghi de 45 de grade; Evaporator cu panou de aluminiu \u0219i tub de cupru; Sloturi reglabile din o\u021bel inoxidabil, rafturi din plastic; Corp din o\u021bel inoxidabil.<\/p>\n<p>Caracteristici<\/p>\n<p>Dimensiune: 1500x600x850 mm<br \/>\nGreutate: 106 kg<br \/>\nPutere: 0,14 kW<br \/>\nVolum: 0,8 m3<br \/>\nCapacitate: 250 litri<br \/>\nDomeniu de lucru: 0 \/ + 5 \u00baC (tropical 43 \u00baC)<br \/>\nAlimentare: 220-230V -1 + N 50-60 Hz<br \/>\nAgent frigorific \u201cf\u0103r\u0103 CFC\u201d R-134 \u0410<br \/>\nDensitate: 40 kg \/ m\u00b3<\/p>\n","protected":false},"excerpt":{"rendered":"<p>Mas\u0103 frigorific\u0103 \u00eencorporat\u0103 2 u\u0219i, 250 l. Dimensiune: 1500x600x850 mm; Greutate: 106 kg; Putere: 0,14 kW; Volum: 0,8 m3; Capacitate: 250 litri; Domeniu de lucru: 0 \/ + 5 \u00baC (tropical 43 \u00baC); Alimentare: 220-230V -1 + N 50-60 Hz; Agent frigorific \u201cf\u0103r\u0103 CFC\u201d R-134 \u0410; Densitate: 40 kg \/ m\u00b3.<\/p>\n","protected":false},"featured_media":25452,"template":"","meta":[],"_links":{"self":[{"href":"https:\/\/evotek.md\/ro\/wp-json\/wp\/v2\/product\/25459"}],"collection":[{"href":"https:\/\/evotek.md\/ro\/wp-json\/wp\/v2\/product"}],"about":[{"href":"https:\/\/evotek.md\/ro\/wp-json\/wp\/v2\/types\/product"}],"wp:featuredmedia":[{"embeddable":true,"href":"https:\/\/evotek.md\/ro\/wp-json\/wp\/v2\/media\/25452"}],"wp:attachment":[{"href":"https:\/\/evotek.md\/ro\/wp-json\/wp\/v2\/media?parent=25459"}],"curies":[{"name":"wp","href":"https:\/\/api.w.org\/{rel}","templated":true}]}}